{"id":18,"date":"2021-06-24T12:27:51","date_gmt":"2021-06-24T10:27:51","guid":{"rendered":"https:\/\/blowupbaltic.pl\/?page_id=18"},"modified":"2021-07-30T14:55:23","modified_gmt":"2021-07-30T12:55:23","slug":"pokoje","status":"publish","type":"page","link":"https:\/\/blowupbaltic.pl\/de\/pokoje\/","title":{"rendered":"Zimmer"},"content":{"rendered":"<section id=\"section-4-18\" class=\"ct-section\" ><div class=\"ct-section-inner-wrap\">\n\t\t<div id=\"-carousel-builder-5-18\" class=\"oxy-carousel-builder\"><div class=\"oxy-carousel-builder_inner oxy-inner-content\" data-prev=\"#-carousel-builder-5-18 .oxy-carousel-builder_prev\" data-next=\"#-carousel-builder-5-18 .oxy-carousel-builder_next\" data-contain=\"true\" data-percent=\"true\" data-freescroll=\"false\" data-draggable=\"true\" data-wraparound=\"true\" data-carousel=\".oxy-dynamic-list\" data-cell=\".ct-div-block\" data-dragthreshold=\"3\" data-selectedattraction=\"0.025\" data-friction=\"0.28\" data-freescrollfriction=\"0.075\" data-forceheight=\"false\" data-fade=\"true\" data-tickerpause=\"true\" data-groupcells=\"1\" data-autoplay=\"6000\" data-pauseautoplay=\"false\" data-initial=\"1\" data-accessibility=\"true\" data-cellalign=\"center\" data-righttoleft=\"false\" data-pagedots=\"false\" data-trigger-aos=\"false\" data-clickselect=\"false\" data-tick=\"false\" ><div id=\"_dynamic_list-6-18\"  class=\"oxy-dynamic-list\"  ><div id=\"div_block-7-18\" class=\"ct-div-block\" ><img id=\"image-8-18\" alt=\"\" src=\"https:\/\/blowupbaltic.pl\/wp-content\/uploads\/2021\/07\/a16002.jpg\" class=\"ct-image cover-image\"\/><\/div><\/div><\/div><\/div>\n\n\t\t<div id=\"div_block-9-18\" class=\"ct-div-block\" ><div id=\"div_block-10-18\" class=\"ct-div-block\" ><h1 id=\"headline-15-18\" class=\"ct-headline heading\" data-aos=\"fade\" data-aos-duration=\"1000\"><span id=\"span-16-18\" class=\"ct-span\" ><\/span><\/h1><\/div><div id=\"text_block-23-18\" class=\"ct-text-block hero-text\"  data-aos=\"fade\" data-aos-duration=\"1000\" data-aos-offset=\"200\" data-aos-delay=\"200\" data-aos-once=\"true\"><span id=\"span-24-18\" class=\"ct-span\" ><\/span><\/div><\/div><\/div><\/section><section id=\"section-2-18\" class=\"ct-section\" ><div class=\"ct-section-inner-wrap\"><div id=\"_dynamic_list-35-18\"  class=\"oxy-dynamic-list\"  ><div id=\"div_block-36-18\" class=\"ct-div-block room-tile\" ><div id=\"div_block-39-18\" class=\"ct-div-block tile-image image-wrapper\" ><img id=\"image-46-18\" alt=\"\" src=\"https:\/\/blowupbaltic.pl\/wp-content\/uploads\/2021\/07\/Glowne-zdjecie-Duzy-1024x683.jpg\" class=\"ct-image cover-image zoom-image\"\/><\/div><div id=\"div_block-52-18\" class=\"ct-div-block tile-details\" ><div id=\"text_block-57-18\" class=\"ct-text-block title\" ><span id=\"span-62-18\" class=\"ct-span\" >Appartement mit Blick auf das Meer<\/span><\/div><div id=\"text_block-67-18\" class=\"ct-text-block txt\" ><span id=\"span-72-18\" class=\"ct-span oxy-stock-content-styles\" >\n<p>Das Appartement ist eine Option f\u00fcr G\u00e4ste, die einen \u00fcberdurchschnittlichen Standard und eine sch\u00f6ne Aussicht suchen.\n Es besteht aus einem Wohnzimmer mit Schlafsofa, kombiniert mit einem Schlafzimmer mit Doppelbett, einem gro\u00dfen Badezimmer und einer gro\u00dfen Terrasse mit malerischem Blick auf das Meer. \nDer 29 m\u00b2 gro\u00dfe Raum umfasst auch einen Arbeitsbereich.<\/p>\n\n\n\n<p><\/p>\n\n\n\n<p><\/p>\n<\/span><\/div><div id=\"div_block-77-18\" class=\"ct-div-block\" ><div id=\"div_block-98-18\" class=\"ct-div-block tile-equip\" ><div id=\"fancy_icon-99-18\" class=\"ct-fancy-icon tile-icon\" ><svg id=\"svg-fancy_icon-99-18\"><use xlink:href=\"#FontAwesomeicon-group\"><\/use><\/svg><\/div><div id=\"text_block-100-18\" class=\"ct-text-block tile-icon-text\" >Anzahl der Personen:<\/div><div id=\"text_block-171-18\" class=\"ct-text-block tile-icon-text\" ><span id=\"span-173-18\" class=\"ct-span\" >3<\/span><\/div><\/div><div id=\"div_block-82-18\" class=\"ct-div-block tile-equip\" ><div id=\"fancy_icon-87-18\" class=\"ct-fancy-icon tile-icon\" ><svg id=\"svg-fancy_icon-87-18\"><use xlink:href=\"#Hotelicon-Double-Bed\"><\/use><\/svg><\/div><div id=\"text_block-92-18\" class=\"ct-text-block tile-icon-text\" >Doppelbett<\/div><\/div><div id=\"div_block-101-18\" class=\"ct-div-block tile-equip\" ><div id=\"fancy_icon-102-18\" class=\"ct-fancy-icon tile-icon\" ><svg id=\"svg-fancy_icon-102-18\"><use xlink:href=\"#FontAwesomeicon-television\"><\/use><\/svg><\/div><div id=\"text_block-103-18\" class=\"ct-text-block tile-icon-text\" >&nbsp;Kabel-TV<\/div><\/div><div id=\"div_block-104-18\" class=\"ct-div-block tile-equip\" ><div id=\"fancy_icon-105-18\" class=\"ct-fancy-icon tile-icon\" ><svg id=\"svg-fancy_icon-105-18\"><use xlink:href=\"#FontAwesomeicon-wifi\"><\/use><\/svg><\/div><div id=\"text_block-106-18\" class=\"ct-text-block tile-icon-text\" >Internet<\/div><\/div><\/div><a id=\"link_text-167-18\" class=\"ct-link-text btn\" href=\"https:\/\/blowupbaltic.pl\/de\/apartammenty\/apartament-z-widokiem-na-morze\/\" target=\"_self\"  >Einzelheiten<\/a><\/div><\/div><div id=\"div_block-36-18\" class=\"ct-div-block room-tile\" ><div id=\"div_block-39-18\" class=\"ct-div-block tile-image image-wrapper\" ><img id=\"image-46-18\" alt=\"\" src=\"https:\/\/blowupbaltic.pl\/wp-content\/uploads\/2021\/07\/5L5A3576-1024x683.jpg\" class=\"ct-image cover-image zoom-image\"\/><\/div><div id=\"div_block-52-18\" class=\"ct-div-block tile-details\" ><div id=\"text_block-57-18\" class=\"ct-text-block title\" ><span id=\"span-62-18\" class=\"ct-span\" >Superior<\/span><\/div><div id=\"text_block-67-18\" class=\"ct-text-block txt\" ><span id=\"span-72-18\" class=\"ct-span oxy-stock-content-styles\" >\n<p>Das Superior-Doppelzimmer ist eine Option f\u00fcr G\u00e4ste, die eine komfortable Unterkunft suchen. Die Superior-Zimmer sind ausgestattet mit: Klimaanlage, K\u00fchlschrank, Flachbildfernseher mit Kabel-TV, Kleiderschrank, Safe, B\u00fcgelset, Wasserkocher, WI-FI. Jedes verf\u00fcgt \u00fcber ein stilvolles Badezimmer und einen Balkon mit einem Platz zum Entspannen. Ausgew\u00e4hlte Zimmer haben Blick auf das Meer.&nbsp;<br>Im Badezimmer finden Sie Toilettenartikel, Handt\u00fccher und einen Haartrockner.<\/p>\n<\/span><\/div><div id=\"div_block-77-18\" class=\"ct-div-block\" ><div id=\"div_block-98-18\" class=\"ct-div-block tile-equip\" ><div id=\"fancy_icon-99-18\" class=\"ct-fancy-icon tile-icon\" ><svg id=\"svg-fancy_icon-99-18\"><use xlink:href=\"#FontAwesomeicon-group\"><\/use><\/svg><\/div><div id=\"text_block-100-18\" class=\"ct-text-block tile-icon-text\" >Anzahl der Personen:<\/div><div id=\"text_block-171-18\" class=\"ct-text-block tile-icon-text\" ><span id=\"span-173-18\" class=\"ct-span\" >2<\/span><\/div><\/div><div id=\"div_block-82-18\" class=\"ct-div-block tile-equip\" ><div id=\"fancy_icon-87-18\" class=\"ct-fancy-icon tile-icon\" ><svg id=\"svg-fancy_icon-87-18\"><use xlink:href=\"#Hotelicon-Double-Bed\"><\/use><\/svg><\/div><div id=\"text_block-92-18\" class=\"ct-text-block tile-icon-text\" >Doppelbett<\/div><\/div><div id=\"div_block-101-18\" class=\"ct-div-block tile-equip\" ><div id=\"fancy_icon-102-18\" class=\"ct-fancy-icon tile-icon\" ><svg id=\"svg-fancy_icon-102-18\"><use xlink:href=\"#FontAwesomeicon-television\"><\/use><\/svg><\/div><div id=\"text_block-103-18\" class=\"ct-text-block tile-icon-text\" >&nbsp;Kabel-TV<\/div><\/div><div id=\"div_block-104-18\" class=\"ct-div-block tile-equip\" ><div id=\"fancy_icon-105-18\" class=\"ct-fancy-icon tile-icon\" ><svg id=\"svg-fancy_icon-105-18\"><use xlink:href=\"#FontAwesomeicon-wifi\"><\/use><\/svg><\/div><div id=\"text_block-106-18\" class=\"ct-text-block tile-icon-text\" >Internet<\/div><\/div><\/div><a id=\"link_text-167-18\" class=\"ct-link-text btn\" href=\"https:\/\/blowupbaltic.pl\/de\/apartammenty\/superior\/\" target=\"_self\"  >Einzelheiten<\/a><\/div><\/div><div id=\"div_block-36-18\" class=\"ct-div-block room-tile\" ><div id=\"div_block-39-18\" class=\"ct-div-block tile-image image-wrapper\" ><img id=\"image-46-18\" alt=\"\" src=\"https:\/\/blowupbaltic.pl\/wp-content\/uploads\/2021\/07\/classic16002-1024x683.jpg\" class=\"ct-image cover-image zoom-image\"\/><\/div><div id=\"div_block-52-18\" class=\"ct-div-block tile-details\" ><div id=\"text_block-57-18\" class=\"ct-text-block title\" ><span id=\"span-62-18\" class=\"ct-span\" >Superior 3 pi\u0119tro<\/span><\/div><div id=\"text_block-67-18\" class=\"ct-text-block txt\" ><span id=\"span-72-18\" class=\"ct-span oxy-stock-content-styles\" >\n<p>Das Superior-Doppelzimmer im 3. Stock ist eine Option f\u00fcr G\u00e4ste, die eine gem\u00fctliche Atmosph\u00e4re suchen, die durch Schr\u00e4gen und warme Farben noch verst\u00e4rkt wird. Die Superior-Zimmer sind ausgestattet mit: Klimaanlage, K\u00fchlschrank, Flachbildfernseher mit Kabel-TV, Kleiderschrank, Safe, B\u00fcgelset, Wasserkocher, WI-FI. Jedes verf\u00fcgt \u00fcber ein stilvolles Badezimmer und einen Balkon mit einem Platz zum Entspannen. Ausgew\u00e4hlte Zimmer haben Zimmer haben Blick auf das Meer. Im Badezimmer finden Sie Toilettenartikel, Handt\u00fccher und einen Haartrockner.<\/p>\n<\/span><\/div><div id=\"div_block-77-18\" class=\"ct-div-block\" ><div id=\"div_block-98-18\" class=\"ct-div-block tile-equip\" ><div id=\"fancy_icon-99-18\" class=\"ct-fancy-icon tile-icon\" ><svg id=\"svg-fancy_icon-99-18\"><use xlink:href=\"#FontAwesomeicon-group\"><\/use><\/svg><\/div><div id=\"text_block-100-18\" class=\"ct-text-block tile-icon-text\" >Anzahl der Personen:<\/div><div id=\"text_block-171-18\" class=\"ct-text-block tile-icon-text\" ><span id=\"span-173-18\" class=\"ct-span\" >2<\/span><\/div><\/div><div id=\"div_block-82-18\" class=\"ct-div-block tile-equip\" ><div id=\"fancy_icon-87-18\" class=\"ct-fancy-icon tile-icon\" ><svg id=\"svg-fancy_icon-87-18\"><use xlink:href=\"#Hotelicon-Double-Bed\"><\/use><\/svg><\/div><div id=\"text_block-92-18\" class=\"ct-text-block tile-icon-text\" >Doppelbett<\/div><\/div><div id=\"div_block-101-18\" class=\"ct-div-block tile-equip\" ><div id=\"fancy_icon-102-18\" class=\"ct-fancy-icon tile-icon\" ><svg id=\"svg-fancy_icon-102-18\"><use xlink:href=\"#FontAwesomeicon-television\"><\/use><\/svg><\/div><div id=\"text_block-103-18\" class=\"ct-text-block tile-icon-text\" >&nbsp;Kabel-TV<\/div><\/div><div id=\"div_block-104-18\" class=\"ct-div-block tile-equip\" ><div id=\"fancy_icon-105-18\" class=\"ct-fancy-icon tile-icon\" ><svg id=\"svg-fancy_icon-105-18\"><use xlink:href=\"#FontAwesomeicon-wifi\"><\/use><\/svg><\/div><div id=\"text_block-106-18\" class=\"ct-text-block tile-icon-text\" >Internet<\/div><\/div><\/div><a id=\"link_text-167-18\" class=\"ct-link-text btn\" href=\"https:\/\/blowupbaltic.pl\/de\/apartammenty\/superior-3-pietro\/\" target=\"_self\"  >Einzelheiten<\/a><\/div><\/div><div id=\"div_block-36-18\" class=\"ct-div-block room-tile\" ><div id=\"div_block-39-18\" class=\"ct-div-block tile-image image-wrapper\" ><img id=\"image-46-18\" alt=\"\" src=\"https:\/\/blowupbaltic.pl\/wp-content\/uploads\/2021\/07\/glo\u0301wne-5L5A7865-1024x682.jpg\" class=\"ct-image cover-image zoom-image\"\/><\/div><div id=\"div_block-52-18\" class=\"ct-div-block tile-details\" ><div id=\"text_block-57-18\" class=\"ct-text-block title\" ><span id=\"span-62-18\" class=\"ct-span\" >Standard<\/span><\/div><div id=\"text_block-67-18\" class=\"ct-text-block txt\" ><span id=\"span-72-18\" class=\"ct-span oxy-stock-content-styles\" >\n<p>Klimatisiertes Einzel- oder Doppelzimmer mit Balkon. Das Zimmer ist ausgestattet mit: K\u00fchlschrank, Flachbildfernseher mit Kabel-TV, Kleiderschrank, Klimaanlage, Safe, B\u00fcgelset, Wasserkocher. Das Zimmer hat Zugang zu drahtlosem Internet. <\/p>\n<\/span><\/div><div id=\"div_block-77-18\" class=\"ct-div-block\" ><div id=\"div_block-98-18\" class=\"ct-div-block tile-equip\" ><div id=\"fancy_icon-99-18\" class=\"ct-fancy-icon tile-icon\" ><svg id=\"svg-fancy_icon-99-18\"><use xlink:href=\"#FontAwesomeicon-group\"><\/use><\/svg><\/div><div id=\"text_block-100-18\" class=\"ct-text-block tile-icon-text\" >Anzahl der Personen:<\/div><div id=\"text_block-171-18\" class=\"ct-text-block tile-icon-text\" ><span id=\"span-173-18\" class=\"ct-span\" >1<\/span><\/div><\/div><div id=\"div_block-250-18\" class=\"ct-div-block tile-equip\" ><div id=\"fancy_icon-251-18\" class=\"ct-fancy-icon tile-icon\" ><svg id=\"svg-fancy_icon-251-18\"><use xlink:href=\"#Hotelicon-Single-Bed\"><\/use><\/svg><\/div><div id=\"text_block-338-18\" class=\"ct-text-block tile-icon-text\" >\u0141\u00f3\u017cko pojedynczy<\/div><\/div><div id=\"div_block-101-18\" class=\"ct-div-block tile-equip\" ><div id=\"fancy_icon-102-18\" class=\"ct-fancy-icon tile-icon\" ><svg id=\"svg-fancy_icon-102-18\"><use xlink:href=\"#FontAwesomeicon-television\"><\/use><\/svg><\/div><div id=\"text_block-103-18\" class=\"ct-text-block tile-icon-text\" >&nbsp;Kabel-TV<\/div><\/div><div id=\"div_block-104-18\" class=\"ct-div-block tile-equip\" ><div id=\"fancy_icon-105-18\" class=\"ct-fancy-icon tile-icon\" ><svg id=\"svg-fancy_icon-105-18\"><use xlink:href=\"#FontAwesomeicon-wifi\"><\/use><\/svg><\/div><div id=\"text_block-106-18\" class=\"ct-text-block tile-icon-text\" >Internet<\/div><\/div><\/div><a id=\"link_text-167-18\" class=\"ct-link-text btn\" href=\"https:\/\/blowupbaltic.pl\/de\/apartammenty\/standard\/\" target=\"_self\"  >Einzelheiten<\/a><\/div><\/div>                    \n                                            \n                                        \n                    <\/div><\/div><\/section>","protected":false},"excerpt":{"rendered":"","protected":false},"author":2,"featured_media":0,"parent":0,"menu_order":0,"comment_status":"closed","ping_status":"closed","template":"","meta":[],"acf":[],"yoast_head":"<!-- This site is optimized with the Yoast SEO plugin v20.6 - https:\/\/yoast.com\/wordpress\/plugins\/seo\/ -->\n<title>Pokoje - Blow Up Baltic<\/title>\n<meta name=\"description\" content=\"Aparthotel BlowUp Baltic to hotel w Trz\u0119saczu, oferuj\u0105cy wypoczynek najwy\u017cszej jako\u015bci w klimatyzowanych pokojach i apartamentach z widokiem na morze. Obiekt znajduje si\u0119 50 metr\u00f3w od pla\u017cy.\" \/>\n<meta name=\"robots\" content=\"index, follow, max-snippet:-1, max-image-preview:large, max-video-preview:-1\" \/>\n<link rel=\"canonical\" href=\"https:\/\/blowupbaltic.pl\/de\/pokoje\/\" \/>\n<meta property=\"og:locale\" content=\"de_DE\" \/>\n<meta property=\"og:type\" content=\"article\" \/>\n<meta property=\"og:title\" content=\"Pokoje - Blow Up Baltic\" \/>\n<meta property=\"og:description\" content=\"Aparthotel BlowUp Baltic to hotel w Trz\u0119saczu, oferuj\u0105cy wypoczynek najwy\u017cszej jako\u015bci w klimatyzowanych pokojach i apartamentach z widokiem na morze. Obiekt znajduje si\u0119 50 metr\u00f3w od pla\u017cy.\" \/>\n<meta property=\"og:url\" content=\"https:\/\/blowupbaltic.pl\/de\/pokoje\/\" \/>\n<meta property=\"og:site_name\" content=\"Blow Up Baltic\" \/>\n<meta property=\"article:modified_time\" content=\"2021-07-30T12:55:23+00:00\" \/>\n<meta name=\"twitter:card\" content=\"summary_large_image\" \/>\n<script type=\"application\/ld+json\" class=\"yoast-schema-graph\">{\"@context\":\"https:\/\/schema.org\",\"@graph\":[{\"@type\":\"WebPage\",\"@id\":\"https:\/\/blowupbaltic.pl\/pokoje\/\",\"url\":\"https:\/\/blowupbaltic.pl\/pokoje\/\",\"name\":\"Pokoje - Blow Up Baltic\",\"isPartOf\":{\"@id\":\"https:\/\/blowupbaltic.pl\/#website\"},\"datePublished\":\"2021-06-24T10:27:51+00:00\",\"dateModified\":\"2021-07-30T12:55:23+00:00\",\"description\":\"Aparthotel BlowUp Baltic to hotel w Trz\u0119saczu, oferuj\u0105cy wypoczynek najwy\u017cszej jako\u015bci w klimatyzowanych pokojach i apartamentach z widokiem na morze. Obiekt znajduje si\u0119 50 metr\u00f3w od pla\u017cy.\",\"inLanguage\":\"de-DE\",\"potentialAction\":[{\"@type\":\"ReadAction\",\"target\":[\"https:\/\/blowupbaltic.pl\/pokoje\/\"]}]},{\"@type\":\"WebSite\",\"@id\":\"https:\/\/blowupbaltic.pl\/#website\",\"url\":\"https:\/\/blowupbaltic.pl\/\",\"name\":\"Blow Up Baltic\",\"description\":\"Aparthotel w Trz\u0119saczu\",\"potentialAction\":[{\"@type\":\"SearchAction\",\"target\":{\"@type\":\"EntryPoint\",\"urlTemplate\":\"https:\/\/blowupbaltic.pl\/?s={search_term_string}\"},\"query-input\":\"required name=search_term_string\"}],\"inLanguage\":\"de-DE\"}]}<\/script>\n<!-- \/ Yoast SEO plugin. -->","yoast_head_json":{"title":"Pokoje - Blow Up Baltic","description":"Aparthotel BlowUp Baltic to hotel w Trz\u0119saczu, oferuj\u0105cy wypoczynek najwy\u017cszej jako\u015bci w klimatyzowanych pokojach i apartamentach z widokiem na morze. Obiekt znajduje si\u0119 50 metr\u00f3w od pla\u017cy.","robots":{"index":"index","follow":"follow","max-snippet":"max-snippet:-1","max-image-preview":"max-image-preview:large","max-video-preview":"max-video-preview:-1"},"canonical":"https:\/\/blowupbaltic.pl\/de\/pokoje\/","og_locale":"de_DE","og_type":"article","og_title":"Pokoje - Blow Up Baltic","og_description":"Aparthotel BlowUp Baltic to hotel w Trz\u0119saczu, oferuj\u0105cy wypoczynek najwy\u017cszej jako\u015bci w klimatyzowanych pokojach i apartamentach z widokiem na morze. Obiekt znajduje si\u0119 50 metr\u00f3w od pla\u017cy.","og_url":"https:\/\/blowupbaltic.pl\/de\/pokoje\/","og_site_name":"Blow Up Baltic","article_modified_time":"2021-07-30T12:55:23+00:00","twitter_card":"summary_large_image","schema":{"@context":"https:\/\/schema.org","@graph":[{"@type":"WebPage","@id":"https:\/\/blowupbaltic.pl\/pokoje\/","url":"https:\/\/blowupbaltic.pl\/pokoje\/","name":"Pokoje - Blow Up Baltic","isPartOf":{"@id":"https:\/\/blowupbaltic.pl\/#website"},"datePublished":"2021-06-24T10:27:51+00:00","dateModified":"2021-07-30T12:55:23+00:00","description":"Aparthotel BlowUp Baltic to hotel w Trz\u0119saczu, oferuj\u0105cy wypoczynek najwy\u017cszej jako\u015bci w klimatyzowanych pokojach i apartamentach z widokiem na morze. Obiekt znajduje si\u0119 50 metr\u00f3w od pla\u017cy.","inLanguage":"de-DE","potentialAction":[{"@type":"ReadAction","target":["https:\/\/blowupbaltic.pl\/pokoje\/"]}]},{"@type":"WebSite","@id":"https:\/\/blowupbaltic.pl\/#website","url":"https:\/\/blowupbaltic.pl\/","name":"Blow Up Baltic","description":"Aparthotel w Trz\u0119saczu","potentialAction":[{"@type":"SearchAction","target":{"@type":"EntryPoint","urlTemplate":"https:\/\/blowupbaltic.pl\/?s={search_term_string}"},"query-input":"required name=search_term_string"}],"inLanguage":"de-DE"}]}},"_links":{"self":[{"href":"https:\/\/blowupbaltic.pl\/de\/wp-json\/wp\/v2\/pages\/18"}],"collection":[{"href":"https:\/\/blowupbaltic.pl\/de\/wp-json\/wp\/v2\/pages"}],"about":[{"href":"https:\/\/blowupbaltic.pl\/de\/wp-json\/wp\/v2\/types\/page"}],"author":[{"embeddable":true,"href":"https:\/\/blowupbaltic.pl\/de\/wp-json\/wp\/v2\/users\/2"}],"replies":[{"embeddable":true,"href":"https:\/\/blowupbaltic.pl\/de\/wp-json\/wp\/v2\/comments?post=18"}],"version-history":[{"count":6,"href":"https:\/\/blowupbaltic.pl\/de\/wp-json\/wp\/v2\/pages\/18\/revisions"}],"predecessor-version":[{"id":496,"href":"https:\/\/blowupbaltic.pl\/de\/wp-json\/wp\/v2\/pages\/18\/revisions\/496"}],"wp:attachment":[{"href":"https:\/\/blowupbaltic.pl\/de\/wp-json\/wp\/v2\/media?parent=18"}],"curies":[{"name":"wp","href":"https:\/\/api.w.org\/{rel}","templated":true}]}}