{"id":12,"date":"2021-06-24T10:40:06","date_gmt":"2021-06-24T08:40:06","guid":{"rendered":"https:\/\/blowupbaltic.pl\/?page_id=12"},"modified":"2023-08-27T20:03:06","modified_gmt":"2023-08-27T18:03:06","slug":"o-nas","status":"publish","type":"page","link":"https:\/\/blowupbaltic.pl\/en\/","title":{"rendered":"About"},"content":{"rendered":"<section id=\"section-1-12\" class=\"oxy-video-background ct-section\" ><div class='oxy-video-container'><video autoplay loop playsinline muted><source src='https:\/\/blowupbaltic.pl\/wp-content\/uploads\/2022\/06\/header.mp4'><\/video><div class='oxy-video-overlay'><\/div><\/div><div class=\"ct-section-inner-wrap\"><div id=\"div_block-3-12\" class=\"ct-div-block\" ><div id=\"div_block-145-12\" class=\"ct-div-block\" ><div id=\"text_block-141-12\" class=\"ct-text-block hero-text\"  data-aos=\"fade\" data-aos-duration=\"1000\" data-aos-offset=\"200\" data-aos-delay=\"200\" data-aos-once=\"true\">Czas na wakacje w nowoczesnym aparthotelu w Trz\u0119saczu.<\/div><\/div><h1 id=\"headline-6-12\" class=\"ct-headline heading\" data-aos=\"fade\" data-aos-duration=\"1000\">Blow Up Baltic<\/h1><div id=\"text_block-8-12\" class=\"ct-text-block hero-subtitle\"  data-aos=\"flip-up\" data-aos-duration=\"1050\" data-aos-offset=\"200\" data-aos-delay=\"600\">aparthotel<\/div><div id=\"code_block-200-12\" class=\"ct-code-block\" ><script src=\"https:\/\/panel.hotres.pl\/public\/api\/hotres_v4_chooser.js\"><\/script> \n<form action=\"https:\/\/panel.hotres.pl\/v4_step1\" target=\"_blank\" class=\"hotresChooser\" id=\"hotresChooser\" method=\"get\">\n<input type=\"hidden\" name=\"oid\" id=\"hotresOid\" value=\"3028\" \/>\n<input type=\"hidden\" name=\"lang\" id=\"hotresLang\" value=\"\" \/> \n<input type=\"hidden\" name=\"arrival\" id=\"hotresArrival\" \/>\n<input type=\"hidden\" name=\"departure\" id=\"hotresDeparture\" \/>\n\n<div class=\"hotresRangeChooser\" id=\"hotresRangeChooser\">\n    <div id=\"hotresArrivalWrap\"><\/div>\n    <div id=\"hotresDepartureWrap\"><\/div>\n<\/div>\n<div class=\"hotresAdultsChooser\" id=\"hotresAdultsChooser\"><select name=\"adults\" id=\"hotresAdultsSelect\"><\/select><\/div>\n<div class=\"hotresSubmit\"><button id=\"hotresButtonChooser\"><\/button><\/div>\n<\/form>\n\n\n\n<script>\n\t\n\tvar html = document.getElementsByTagName(\"html\")[0].getAttribute(\"lang\");\n\tif(html == 'pl-PL'){\n\t\tvar lang = 'pl'\n\t}\n\tif(html == 'en-US'){\n\t\tvar lang = 'en'\n\t}\n\tif(html == 'de-DE'){\n\t\tvar lang = 'de'\n\t}\n\/\/alert(html);\n\t\nwindow.addEventListener('load', (event) => { new hotresChooser({'maxAdults':10,lang:lang});});\n<\/script>\n\n<\/div><\/div><div id=\"code_block-176-12\" class=\"ct-code-block\" ><div style=\"overflow:hidden;height:100%\">\n  <video autoplay=\"\" loop=\"\" muted=\"\" playsinline=\"\" style=\"width:100%;height:100%;object-fit:cover\">\n    <source src=\"https:\/\/blowupbaltic.pl\/wp-content\/uploads\/2021\/07\/header_video_hq.mp4\" type=\"video\/mp4\">\n  <\/video>\n<\/div><\/div><div id=\"div_block-178-12\" class=\"ct-div-block\" ><\/div><\/div><\/section><section id=\"section-9-12\" class=\" ct-section\" ><div class=\"ct-section-inner-wrap\"><div id=\"blowupBaltic\" class=\"ct-div-block\" ><div id=\"div_block-10-12\" class=\"ct-div-block\" ><div id=\"div_block-28-12\" class=\"ct-div-block fade desc\" ><div id=\"text_block-23-12\" class=\"ct-text-block subtitle\" >Aparthotel&nbsp;<\/div><div id=\"text_block-182-12\" class=\"ct-text-block title\" >Blow Up Baltic<\/div><div id=\"text_block-26-12\" class=\"ct-text-block txt\" >Aparthotel BlowUp Baltic to hotel w Trz\u0119saczu, oferuj\u0105cy wypoczynek najwy\u017cszej jako\u015bci w klimatyzowanych pokojach i apartamentach z widokiem na morze. Obiekt znajduje si\u0119 50 metr\u00f3w od pla\u017cy, niedaleko g\u0142\u00f3wnej atrakcji miejscowo\u015bci \u2013 ruin gotyckiego ko\u015bcio\u0142a.<div><br><div>BlowUp Baltic zaprasza wszystkich, kt\u00f3rzy ceni\u0105 sobie spok\u00f3j i relaks oraz dobr\u0105 kuchni\u0119 \u2013 na terenie obiektu znajduj\u0105 si\u0119 ceniona restauracja i kawiarnia Kawa na Dachu.<\/div><div><br><\/div><div>Trz\u0119sacz posiada jedn\u0105 z najpi\u0119kniejszych pla\u017c w Polsce, le\u017c\u0105c\u0105 pod majestatycznym 15-metrowym klifem. Wyj\u0105tkowa lokalna przyroda chroniona jest w ramach obszaru Natura 2000. Trz\u0119sacz to miejscowo\u015b\u0107 spokojniejsza ni\u017c jej s\u0105siedzi Pobierowo i Rewal, jednak nie brakuje tutaj atrakcji.&nbsp;&nbsp;<div><br><\/div><\/div><\/div><\/div><a id=\"link_text-190-12\" class=\"ct-link-text btn\" href=\"https:\/\/blowupbaltic.pl\/atrakcje\" target=\"_self\"  >Zobacz okoliczne atrakcje<\/a><\/div><\/div><div id=\"div_block-14-12\" class=\"ct-div-block\" ><div id=\"div_block-19-12\" class=\"ct-div-block image-wrapper\"  data-aos=\"fade\" data-aos-duration=\"900\" data-aos-delay=\"400\" data-aos-once=\"true\"><a id=\"div_block-17-12\" class=\"ct-link play-btn\" href=\"\/wirtualny-spacer\" target=\"_blank\"  ><div id=\"fancy_icon-18-12\" class=\"ct-fancy-icon\" ><svg id=\"svg-fancy_icon-18-12\"><use xlink:href=\"#vricon-\"><\/use><\/svg><\/div><\/a><img id=\"image-177-12\" alt=\"\" src=\"https:\/\/blowupbaltic.pl\/wp-content\/uploads\/2021\/07\/IMG_5053.jpg\" class=\"ct-image cover-image zoom-image\"\/><\/div><\/div><\/div><\/div><\/section><section id=\"section-38-12\" class=\" ct-section\" ><div class=\"ct-section-inner-wrap\"><div id=\"div_block-41-12\" class=\"ct-div-block\" ><div id=\"text_block-204-12\" class=\"ct-text-block textDivider fade-delay\" >Komfortowe pokoje, smaczna kuchnia, idealna lokalizacja. Blow Up Baltic Aparthotel.<\/div><\/div><div id=\"div_block-46-12\" class=\"ct-div-block\" ><div id=\"div_block-47-12\" class=\"ct-div-block attrBlock\"  data-aos=\"fade-up\" data-aos-duration=\"800\" data-aos-once=\"true\"><div id=\"fancy_icon-48-12\" class=\"ct-fancy-icon attrIcon\" ><svg id=\"svg-fancy_icon-48-12\"><use xlink:href=\"#FontAwesomeicon-binoculars\"><\/use><\/svg><\/div><div id=\"div_block-49-12\" class=\"ct-div-block\" ><div id=\"text_block-50-12\" class=\"ct-text-block attrTitle\" >Widok na morze<\/div><div id=\"text_block-52-12\" class=\"ct-text-block txt\" >Wszystkich naszych Go\u015bci zach\u0119camy do korzystania z tarasu z widokiem na morze.&nbsp;<\/div><\/div><\/div><div id=\"div_block-54-12\" class=\"ct-div-block attrBlock\"  data-aos=\"fade-up\" data-aos-duration=\"800\" data-aos-delay=\"300\" data-aos-once=\"true\"><div id=\"fancy_icon-55-12\" class=\"ct-fancy-icon attrIcon\" ><svg id=\"svg-fancy_icon-55-12\"><use xlink:href=\"#FontAwesomeicon-bicycle\"><\/use><\/svg><\/div><div id=\"div_block-56-12\" class=\"ct-div-block\" ><div id=\"text_block-57-12\" class=\"ct-text-block attrTitle\" >Wypo\u017cyczalnia rower\u00f3w<\/div><div id=\"text_block-58-12\" class=\"ct-text-block txt\" ><span style=\"color: rgb(64, 64, 64); font-family: Montserrat; font-size: 16px; letter-spacing: 1px;\">Go\u015bcie hotelu mog\u0105 skorzysta\u0107 z wypo\u017cyczalni rower\u00f3w.<\/span><\/div><\/div><\/div><div id=\"div_block-59-12\" class=\"ct-div-block attrBlock\"  data-aos=\"fade-up\" data-aos-duration=\"800\" data-aos-delay=\"600\" data-aos-once=\"true\"><div id=\"fancy_icon-60-12\" class=\"ct-fancy-icon attrIcon\" ><svg id=\"svg-fancy_icon-60-12\"><use xlink:href=\"#FontAwesomeicon-cutlery\"><\/use><\/svg><\/div><div id=\"div_block-61-12\" class=\"ct-div-block\" ><div id=\"text_block-62-12\" class=\"ct-text-block attrTitle\" >Wy\u017cywienie w obiekcie<\/div><div id=\"text_block-63-12\" class=\"ct-text-block txt\" ><span style=\"color: rgb(64, 64, 64); font-family: Montserrat; font-size: 16px; letter-spacing: 1px;\">W naszym obiekcie serwujemy \u015bniadania kontynentalne oraz jedzenie \"<\/span>\u00e0 la carte<span style=\"color: rgb(64, 64, 64); font-family: Montserrat; font-size: 16px; letter-spacing: 1px;\">\"<\/span><\/div><\/div><\/div><div id=\"div_block-64-12\" class=\"ct-div-block attrBlock\"  data-aos=\"fade-up\" data-aos-duration=\"800\" data-aos-delay=\"900\" data-aos-once=\"true\"><div id=\"fancy_icon-65-12\" class=\"ct-fancy-icon attrIcon\" ><svg id=\"svg-fancy_icon-65-12\"><use xlink:href=\"#FontAwesomeicon-automobile\"><\/use><\/svg><\/div><div id=\"div_block-66-12\" class=\"ct-div-block\" ><div id=\"text_block-67-12\" class=\"ct-text-block attrTitle\" ><div><span style=\"color: initial; font-family: -apple-system, BlinkMacSystemFont, &quot;Segoe UI&quot;, Roboto, Oxygen-Sans, Ubuntu, Cantarell, &quot;Helvetica Neue&quot;, sans-serif;\">Parking przy obiekcie<\/span><br><\/div><\/div><div id=\"text_block-68-12\" class=\"ct-text-block txt\" >Parking niestrze\u017cony.<\/div><\/div><\/div><\/div><\/div><\/section><section id=\"section-74-12\" class=\" ct-section\" ><div class=\"ct-section-inner-wrap\"><div id=\"div_block-75-12\" class=\"ct-div-block\" ><div id=\"div_block-81-12\" class=\"ct-div-block\" ><div id=\"div_block-82-12\" class=\"ct-div-block \" ><div id=\"div_block-96-12\" class=\"ct-div-block\" ><div id=\"div_block-99-12\" class=\"ct-div-block image-wrapper\"  data-aos=\"fade-up\" data-aos-duration=\"800\" data-aos-once=\"true\"><img id=\"image-100-12\" alt=\"\" src=\"https:\/\/blowupbaltic.pl\/wp-content\/uploads\/2021\/07\/IMG_4530.jpg\" class=\"ct-image cover-image zoom-image\"\/><\/div><div id=\"div_block-101-12\" class=\"ct-div-block image-wrapper\"  data-aos=\"fade-up\" data-aos-duration=\"800\" data-aos-delay=\"300\" data-aos-once=\"true\"><img id=\"image-198-12\" alt=\"\" src=\"https:\/\/blowupbaltic.pl\/wp-content\/uploads\/2021\/07\/5L5A9170.jpg\" class=\"ct-image cover-image zoom-image\"\/><\/div><\/div><div id=\"div_block-92-12\" class=\"ct-div-block image-wrapper\"  data-aos=\"fade-up\" data-aos-duration=\"800\" data-aos-delay=\"600\" data-aos-once=\"true\"><img id=\"image-93-12\" alt=\"\" src=\"https:\/\/blowupbaltic.pl\/wp-content\/uploads\/2021\/07\/IMG_4579.jpg\" class=\"ct-image cover-image zoom-image\"\/><\/div><\/div><\/div><div id=\"div_block-76-12\" class=\"ct-div-block\" ><div id=\"div_block-77-12\" class=\"ct-div-block desc\" ><div id=\"text_block-78-12\" class=\"ct-text-block subtitle\" >Zobacz nasze&nbsp;<\/div><div id=\"text_block-79-12\" class=\"ct-text-block title\" >Pokoje<\/div><div id=\"text_block-173-12\" class=\"ct-text-block txt\" >Wszystkie pokoje s\u0105 klimatyzowane, posiadaj\u0105 prywatne \u0142azienki i balkony. Go\u015bcie hotelu maj\u0105 dost\u0119p do tarasu z widokiem na morze. Na terenie ca\u0142ego hotelu dost\u0119pne jest WI-FI. W obiekcie serwowane jest \u015bniadanie kontynentalne lub \u00e0 la carte. Nie ma mo\u017cliwo\u015bci pobytu ze zwierz\u0119tami.<br><\/div><a id=\"link_text-103-12\" class=\"ct-link-text btn\" href=\"https:\/\/blowupbaltic.pl\/pokoje\" target=\"_self\"  >Zobacz Wi\u0119cej<\/a><\/div><\/div><\/div><\/div><\/section><section id=\"section-127-12\" class=\" ct-section\" ><div class=\"ct-section-inner-wrap\"><div id=\"text_block-185-12\" class=\"ct-text-block textDivider fade\" >\"Jedzenie jest symbolem mi\u0142o\u015bci, kiedy nie wystarczaj\u0105 s\u0142owa\" - naszym  wyr\u00f3\u017cnikiem jest kuchnia. Zobacz ofert\u0119 restauracji i kawiarni.<\/div><div id=\"div_block-133-12\" class=\"ct-div-block\" ><a id=\"link_text-134-12\" class=\"ct-link-text inText-link fade-delay\" href=\"\/restauracja\" target=\"_self\"  >Restauracja<\/a><a id=\"link_text-136-12\" class=\"ct-link-text inText-link fade-delay\" href=\"\/kawiarnia\" target=\"_self\"  >Kawiarnia<\/a><\/div><\/div><\/section><section id=\"section-108-12\" class=\" ct-section divider\" ><div class=\"ct-section-inner-wrap\"><a id=\"div_block-110-12\" class=\"ct-link img-half\" href=\"\/galeria\"   ><img id=\"image-199-12\" alt=\"\" src=\"https:\/\/blowupbaltic.pl\/wp-content\/uploads\/2021\/07\/P7153146-HDR.jpg\" class=\"ct-image cover-image\"\/><div id=\"div_block-122-12\" class=\"ct-div-block img-hero\" ><div id=\"text_block-123-12\" class=\"ct-text-block img-text\" >Galeria<\/div><div id=\"div_block-191-12\" class=\"ct-div-block tile-link\" ><div id=\"text_block-125-12\" class=\"ct-text-block\" >Zdj\u0119cia Blow Up Baltic<\/div><div id=\"fancy_icon-126-12\" class=\"ct-fancy-icon tile-link-arrow\" ><svg id=\"svg-fancy_icon-126-12\"><use xlink:href=\"#FontAwesomeicon-long-arrow-right\"><\/use><\/svg><\/div><\/div><\/div><\/a><a id=\"div_block-111-12\" class=\"ct-link img-half\" href=\"\/kontakt\"   ><img id=\"image-202-12\" alt=\"\" src=\"https:\/\/blowupbaltic.pl\/wp-content\/uploads\/2021\/07\/2minapartament-min.jpg\" class=\"ct-image cover-image\"\/><div id=\"div_block-114-12\" class=\"ct-div-block img-hero\" ><div id=\"text_block-115-12\" class=\"ct-text-block img-text\" >Kontakt<\/div><div id=\"div_block-195-12\" class=\"ct-div-block tile-link\" ><div id=\"text_block-119-12\" class=\"ct-text-block\" >Napisz do nas&nbsp;<\/div><div id=\"fancy_icon-197-12\" class=\"ct-fancy-icon tile-link-arrow\" ><svg id=\"svg-fancy_icon-197-12\"><use xlink:href=\"#FontAwesomeicon-long-arrow-right\"><\/use><\/svg><\/div><\/div><\/div><\/a><\/div><\/section>","protected":false},"excerpt":{"rendered":"","protected":false},"author":2,"featured_media":279,"parent":0,"menu_order":0,"comment_status":"closed","ping_status":"closed","template":"","meta":[],"acf":[],"yoast_head":"<!-- This site is optimized with the Yoast SEO plugin v20.6 - https:\/\/yoast.com\/wordpress\/plugins\/seo\/ -->\n<title>Blow Up Baltic<\/title>\n<meta name=\"description\" content=\"Aparthotel BlowUp Baltic to hotel w Trz\u0119saczu, oferuj\u0105cy wypoczynek najwy\u017cszej jako\u015bci w klimatyzowanych pokojach i apartamentach z widokiem na morze. Obiekt znajduje si\u0119 50 metr\u00f3w od pla\u017cy.\" \/>\n<meta name=\"robots\" content=\"index, follow, max-snippet:-1, max-image-preview:large, max-video-preview:-1\" \/>\n<link rel=\"canonical\" href=\"https:\/\/blowupbaltic.pl\/en\/\" \/>\n<meta property=\"og:locale\" content=\"en_US\" \/>\n<meta property=\"og:type\" content=\"article\" \/>\n<meta property=\"og:title\" content=\"Blow Up Baltic\" \/>\n<meta property=\"og:description\" content=\"Aparthotel BlowUp Baltic to hotel w Trz\u0119saczu, oferuj\u0105cy wypoczynek najwy\u017cszej jako\u015bci w klimatyzowanych pokojach i apartamentach z widokiem na morze. Obiekt znajduje si\u0119 50 metr\u00f3w od pla\u017cy.\" \/>\n<meta property=\"og:url\" content=\"https:\/\/blowupbaltic.pl\/en\/\" \/>\n<meta property=\"og:site_name\" content=\"Blow Up Baltic\" \/>\n<meta property=\"article:modified_time\" content=\"2023-08-27T18:03:06+00:00\" \/>\n<meta property=\"og:image\" content=\"https:\/\/blowupbaltic.pl\/wp-content\/uploads\/2021\/07\/IMG_5036.jpg\" \/>\n\t<meta property=\"og:image:width\" content=\"750\" \/>\n\t<meta property=\"og:image:height\" content=\"500\" \/>\n\t<meta property=\"og:image:type\" content=\"image\/jpeg\" \/>\n<meta name=\"twitter:card\" content=\"summary_large_image\" \/>\n<script type=\"application\/ld+json\" class=\"yoast-schema-graph\">{\"@context\":\"https:\/\/schema.org\",\"@graph\":[{\"@type\":\"WebPage\",\"@id\":\"https:\/\/blowupbaltic.pl\/\",\"url\":\"https:\/\/blowupbaltic.pl\/\",\"name\":\"Blow Up Baltic\",\"isPartOf\":{\"@id\":\"https:\/\/blowupbaltic.pl\/#website\"},\"datePublished\":\"2021-06-24T08:40:06+00:00\",\"dateModified\":\"2023-08-27T18:03:06+00:00\",\"description\":\"Aparthotel BlowUp Baltic to hotel w Trz\u0119saczu, oferuj\u0105cy wypoczynek najwy\u017cszej jako\u015bci w klimatyzowanych pokojach i apartamentach z widokiem na morze. Obiekt znajduje si\u0119 50 metr\u00f3w od pla\u017cy.\",\"inLanguage\":\"en-US\",\"potentialAction\":[{\"@type\":\"ReadAction\",\"target\":[\"https:\/\/blowupbaltic.pl\/\"]}]},{\"@type\":\"WebSite\",\"@id\":\"https:\/\/blowupbaltic.pl\/#website\",\"url\":\"https:\/\/blowupbaltic.pl\/\",\"name\":\"Blow Up Baltic\",\"description\":\"Aparthotel w Trz\u0119saczu\",\"potentialAction\":[{\"@type\":\"SearchAction\",\"target\":{\"@type\":\"EntryPoint\",\"urlTemplate\":\"https:\/\/blowupbaltic.pl\/?s={search_term_string}\"},\"query-input\":\"required name=search_term_string\"}],\"inLanguage\":\"en-US\"}]}<\/script>\n<!-- \/ Yoast SEO plugin. -->","yoast_head_json":{"title":"Blow Up Baltic","description":"Aparthotel BlowUp Baltic to hotel w Trz\u0119saczu, oferuj\u0105cy wypoczynek najwy\u017cszej jako\u015bci w klimatyzowanych pokojach i apartamentach z widokiem na morze. Obiekt znajduje si\u0119 50 metr\u00f3w od pla\u017cy.","robots":{"index":"index","follow":"follow","max-snippet":"max-snippet:-1","max-image-preview":"max-image-preview:large","max-video-preview":"max-video-preview:-1"},"canonical":"https:\/\/blowupbaltic.pl\/en\/","og_locale":"en_US","og_type":"article","og_title":"Blow Up Baltic","og_description":"Aparthotel BlowUp Baltic to hotel w Trz\u0119saczu, oferuj\u0105cy wypoczynek najwy\u017cszej jako\u015bci w klimatyzowanych pokojach i apartamentach z widokiem na morze. Obiekt znajduje si\u0119 50 metr\u00f3w od pla\u017cy.","og_url":"https:\/\/blowupbaltic.pl\/en\/","og_site_name":"Blow Up Baltic","article_modified_time":"2023-08-27T18:03:06+00:00","og_image":[{"width":750,"height":500,"url":"https:\/\/blowupbaltic.pl\/wp-content\/uploads\/2021\/07\/IMG_5036.jpg","type":"image\/jpeg"}],"twitter_card":"summary_large_image","schema":{"@context":"https:\/\/schema.org","@graph":[{"@type":"WebPage","@id":"https:\/\/blowupbaltic.pl\/","url":"https:\/\/blowupbaltic.pl\/","name":"Blow Up Baltic","isPartOf":{"@id":"https:\/\/blowupbaltic.pl\/#website"},"datePublished":"2021-06-24T08:40:06+00:00","dateModified":"2023-08-27T18:03:06+00:00","description":"Aparthotel BlowUp Baltic to hotel w Trz\u0119saczu, oferuj\u0105cy wypoczynek najwy\u017cszej jako\u015bci w klimatyzowanych pokojach i apartamentach z widokiem na morze. Obiekt znajduje si\u0119 50 metr\u00f3w od pla\u017cy.","inLanguage":"en-US","potentialAction":[{"@type":"ReadAction","target":["https:\/\/blowupbaltic.pl\/"]}]},{"@type":"WebSite","@id":"https:\/\/blowupbaltic.pl\/#website","url":"https:\/\/blowupbaltic.pl\/","name":"Blow Up Baltic","description":"Aparthotel w Trz\u0119saczu","potentialAction":[{"@type":"SearchAction","target":{"@type":"EntryPoint","urlTemplate":"https:\/\/blowupbaltic.pl\/?s={search_term_string}"},"query-input":"required name=search_term_string"}],"inLanguage":"en-US"}]}},"_links":{"self":[{"href":"https:\/\/blowupbaltic.pl\/en\/wp-json\/wp\/v2\/pages\/12"}],"collection":[{"href":"https:\/\/blowupbaltic.pl\/en\/wp-json\/wp\/v2\/pages"}],"about":[{"href":"https:\/\/blowupbaltic.pl\/en\/wp-json\/wp\/v2\/types\/page"}],"author":[{"embeddable":true,"href":"https:\/\/blowupbaltic.pl\/en\/wp-json\/wp\/v2\/users\/2"}],"replies":[{"embeddable":true,"href":"https:\/\/blowupbaltic.pl\/en\/wp-json\/wp\/v2\/comments?post=12"}],"version-history":[{"count":41,"href":"https:\/\/blowupbaltic.pl\/en\/wp-json\/wp\/v2\/pages\/12\/revisions"}],"predecessor-version":[{"id":727,"href":"https:\/\/blowupbaltic.pl\/en\/wp-json\/wp\/v2\/pages\/12\/revisions\/727"}],"wp:featuredmedia":[{"embeddable":true,"href":"https:\/\/blowupbaltic.pl\/en\/wp-json\/wp\/v2\/media\/279"}],"wp:attachment":[{"href":"https:\/\/blowupbaltic.pl\/en\/wp-json\/wp\/v2\/media?parent=12"}],"curies":[{"name":"wp","href":"https:\/\/api.w.org\/{rel}","templated":true}]}}