{"id":18,"date":"2021-06-24T12:27:51","date_gmt":"2021-06-24T10:27:51","guid":{"rendered":"https:\/\/blowupbaltic.pl\/?page_id=18"},"modified":"2021-07-30T14:55:23","modified_gmt":"2021-07-30T12:55:23","slug":"pokoje","status":"publish","type":"page","link":"https:\/\/blowupbaltic.pl\/en\/pokoje\/","title":{"rendered":"Rooms"},"content":{"rendered":"<section id=\"section-4-18\" class=\"ct-section\" ><div class=\"ct-section-inner-wrap\">\n\t\t<div id=\"-carousel-builder-5-18\" class=\"oxy-carousel-builder\"><div class=\"oxy-carousel-builder_inner oxy-inner-content\" data-prev=\"#-carousel-builder-5-18 .oxy-carousel-builder_prev\" data-next=\"#-carousel-builder-5-18 .oxy-carousel-builder_next\" data-contain=\"true\" data-percent=\"true\" data-freescroll=\"false\" data-draggable=\"true\" data-wraparound=\"true\" data-carousel=\".oxy-dynamic-list\" data-cell=\".ct-div-block\" data-dragthreshold=\"3\" data-selectedattraction=\"0.025\" data-friction=\"0.28\" data-freescrollfriction=\"0.075\" data-forceheight=\"false\" data-fade=\"true\" data-tickerpause=\"true\" data-groupcells=\"1\" data-autoplay=\"6000\" data-pauseautoplay=\"false\" data-initial=\"1\" data-accessibility=\"true\" data-cellalign=\"center\" data-righttoleft=\"false\" data-pagedots=\"false\" data-trigger-aos=\"false\" data-clickselect=\"false\" data-tick=\"false\" ><div id=\"_dynamic_list-6-18\"  class=\"oxy-dynamic-list\"  ><div id=\"div_block-7-18\" class=\"ct-div-block\" ><img id=\"image-8-18\" alt=\"\" src=\"https:\/\/blowupbaltic.pl\/wp-content\/uploads\/2021\/07\/a16002.jpg\" class=\"ct-image cover-image\"\/><\/div><\/div><\/div><\/div>\n\n\t\t<div id=\"div_block-9-18\" class=\"ct-div-block\" ><div id=\"div_block-10-18\" class=\"ct-div-block\" ><h1 id=\"headline-15-18\" class=\"ct-headline heading\" data-aos=\"fade\" data-aos-duration=\"1000\"><span id=\"span-16-18\" class=\"ct-span\" ><\/span><\/h1><\/div><div id=\"text_block-23-18\" class=\"ct-text-block hero-text\"  data-aos=\"fade\" data-aos-duration=\"1000\" data-aos-offset=\"200\" data-aos-delay=\"200\" data-aos-once=\"true\"><span id=\"span-24-18\" class=\"ct-span\" ><\/span><\/div><\/div><\/div><\/section><section id=\"section-2-18\" class=\"ct-section\" ><div class=\"ct-section-inner-wrap\"><div id=\"_dynamic_list-35-18\"  class=\"oxy-dynamic-list\"  ><div id=\"div_block-36-18\" class=\"ct-div-block room-tile\" ><div id=\"div_block-39-18\" class=\"ct-div-block tile-image image-wrapper\" ><img id=\"image-46-18\" alt=\"\" src=\"https:\/\/blowupbaltic.pl\/wp-content\/uploads\/2021\/07\/Glowne-zdjecie-Duzy-1024x683.jpg\" class=\"ct-image cover-image zoom-image\"\/><\/div><div id=\"div_block-52-18\" class=\"ct-div-block tile-details\" ><div id=\"text_block-57-18\" class=\"ct-text-block title\" ><span id=\"span-62-18\" class=\"ct-span\" >Apartment with a view of the sea<\/span><\/div><div id=\"text_block-67-18\" class=\"ct-text-block txt\" ><span id=\"span-72-18\" class=\"ct-span oxy-stock-content-styles\" >\n<p>An Apartment is an option for guests looking for an above-average standard and a beautiful view.\n It consists of a living-sitting room with a sofa bed, a bedroom with a double bed, a spacious bathroom, and a large terrace with a picturesque sea view.\n The 29 m?? space also includes a work area.<\/p>\n\n\n\n<p><\/p>\n\n\n\n<p><\/p>\n<\/span><\/div><div id=\"div_block-77-18\" class=\"ct-div-block\" ><div id=\"div_block-98-18\" class=\"ct-div-block tile-equip\" ><div id=\"fancy_icon-99-18\" class=\"ct-fancy-icon tile-icon\" ><svg id=\"svg-fancy_icon-99-18\"><use xlink:href=\"#FontAwesomeicon-group\"><\/use><\/svg><\/div><div id=\"text_block-100-18\" class=\"ct-text-block tile-icon-text\" >Number of persons:<\/div><div id=\"text_block-171-18\" class=\"ct-text-block tile-icon-text\" ><span id=\"span-173-18\" class=\"ct-span\" >3<\/span><\/div><\/div><div id=\"div_block-82-18\" class=\"ct-div-block tile-equip\" ><div id=\"fancy_icon-87-18\" class=\"ct-fancy-icon tile-icon\" ><svg id=\"svg-fancy_icon-87-18\"><use xlink:href=\"#Hotelicon-Double-Bed\"><\/use><\/svg><\/div><div id=\"text_block-92-18\" class=\"ct-text-block tile-icon-text\" >Double bed<\/div><\/div><div id=\"div_block-101-18\" class=\"ct-div-block tile-equip\" ><div id=\"fancy_icon-102-18\" class=\"ct-fancy-icon tile-icon\" ><svg id=\"svg-fancy_icon-102-18\"><use xlink:href=\"#FontAwesomeicon-television\"><\/use><\/svg><\/div><div id=\"text_block-103-18\" class=\"ct-text-block tile-icon-text\" >&nbsp;Cable TV<\/div><\/div><div id=\"div_block-104-18\" class=\"ct-div-block tile-equip\" ><div id=\"fancy_icon-105-18\" class=\"ct-fancy-icon tile-icon\" ><svg id=\"svg-fancy_icon-105-18\"><use xlink:href=\"#FontAwesomeicon-wifi\"><\/use><\/svg><\/div><div id=\"text_block-106-18\" class=\"ct-text-block tile-icon-text\" >Internet<\/div><\/div><\/div><a id=\"link_text-167-18\" class=\"ct-link-text btn\" href=\"https:\/\/blowupbaltic.pl\/en\/apartammenty\/apartament-z-widokiem-na-morze\/\" target=\"_self\"  >Details<\/a><\/div><\/div><div id=\"div_block-36-18\" class=\"ct-div-block room-tile\" ><div id=\"div_block-39-18\" class=\"ct-div-block tile-image image-wrapper\" ><img id=\"image-46-18\" alt=\"\" src=\"https:\/\/blowupbaltic.pl\/wp-content\/uploads\/2021\/07\/5L5A3576-1024x683.jpg\" class=\"ct-image cover-image zoom-image\"\/><\/div><div id=\"div_block-52-18\" class=\"ct-div-block tile-details\" ><div id=\"text_block-57-18\" class=\"ct-text-block title\" ><span id=\"span-62-18\" class=\"ct-span\" >Superior<\/span><\/div><div id=\"text_block-67-18\" class=\"ct-text-block txt\" ><span id=\"span-72-18\" class=\"ct-span oxy-stock-content-styles\" >\n<p>The Superior double room is an option for guests looking for comfortable accommodation. Superior rooms are equipped with: air conditioning, refrigerator, flat-screen TV with cable TV, wardrobe, safe, ironing set, electric kettle, WI-FI. Each has a stylish bathroom and a balcony with a relaxation space. Selected rooms have a sea view.&nbsp;<br>In the bathroom, guests will find toiletries, towels and a hair-dryer.<\/p>\n<\/span><\/div><div id=\"div_block-77-18\" class=\"ct-div-block\" ><div id=\"div_block-98-18\" class=\"ct-div-block tile-equip\" ><div id=\"fancy_icon-99-18\" class=\"ct-fancy-icon tile-icon\" ><svg id=\"svg-fancy_icon-99-18\"><use xlink:href=\"#FontAwesomeicon-group\"><\/use><\/svg><\/div><div id=\"text_block-100-18\" class=\"ct-text-block tile-icon-text\" >Number of persons:<\/div><div id=\"text_block-171-18\" class=\"ct-text-block tile-icon-text\" ><span id=\"span-173-18\" class=\"ct-span\" >2<\/span><\/div><\/div><div id=\"div_block-82-18\" class=\"ct-div-block tile-equip\" ><div id=\"fancy_icon-87-18\" class=\"ct-fancy-icon tile-icon\" ><svg id=\"svg-fancy_icon-87-18\"><use xlink:href=\"#Hotelicon-Double-Bed\"><\/use><\/svg><\/div><div id=\"text_block-92-18\" class=\"ct-text-block tile-icon-text\" >Double bed<\/div><\/div><div id=\"div_block-101-18\" class=\"ct-div-block tile-equip\" ><div id=\"fancy_icon-102-18\" class=\"ct-fancy-icon tile-icon\" ><svg id=\"svg-fancy_icon-102-18\"><use xlink:href=\"#FontAwesomeicon-television\"><\/use><\/svg><\/div><div id=\"text_block-103-18\" class=\"ct-text-block tile-icon-text\" >&nbsp;Cable TV<\/div><\/div><div id=\"div_block-104-18\" class=\"ct-div-block tile-equip\" ><div id=\"fancy_icon-105-18\" class=\"ct-fancy-icon tile-icon\" ><svg id=\"svg-fancy_icon-105-18\"><use xlink:href=\"#FontAwesomeicon-wifi\"><\/use><\/svg><\/div><div id=\"text_block-106-18\" class=\"ct-text-block tile-icon-text\" >Internet<\/div><\/div><\/div><a id=\"link_text-167-18\" class=\"ct-link-text btn\" href=\"https:\/\/blowupbaltic.pl\/en\/apartammenty\/superior\/\" target=\"_self\"  >Details<\/a><\/div><\/div><div id=\"div_block-36-18\" class=\"ct-div-block room-tile\" ><div id=\"div_block-39-18\" class=\"ct-div-block tile-image image-wrapper\" ><img id=\"image-46-18\" alt=\"\" src=\"https:\/\/blowupbaltic.pl\/wp-content\/uploads\/2021\/07\/classic16002-1024x683.jpg\" class=\"ct-image cover-image zoom-image\"\/><\/div><div id=\"div_block-52-18\" class=\"ct-div-block tile-details\" ><div id=\"text_block-57-18\" class=\"ct-text-block title\" ><span id=\"span-62-18\" class=\"ct-span\" >Superior 3 pi\u0119tro<\/span><\/div><div id=\"text_block-67-18\" class=\"ct-text-block txt\" ><span id=\"span-72-18\" class=\"ct-span oxy-stock-content-styles\" >\n<p>The Superior double room on the 3rd floor is an option for guests looking for a cosy atmosphere accentuated by slanted ceilings and warm colours. Superior rooms are equipped with: air conditioning, refrigerator, flat-screen TV with cable TV, wardrobe, safe, ironing set, electric kettle, WI-FI. Each has a stylish bathroom and a balcony with a relaxation space. Selected rooms have a sea view. In the bathroom, guests will find toiletries, towels and a hair-dryer.<\/p>\n<\/span><\/div><div id=\"div_block-77-18\" class=\"ct-div-block\" ><div id=\"div_block-98-18\" class=\"ct-div-block tile-equip\" ><div id=\"fancy_icon-99-18\" class=\"ct-fancy-icon tile-icon\" ><svg id=\"svg-fancy_icon-99-18\"><use xlink:href=\"#FontAwesomeicon-group\"><\/use><\/svg><\/div><div id=\"text_block-100-18\" class=\"ct-text-block tile-icon-text\" >Number of persons:<\/div><div id=\"text_block-171-18\" class=\"ct-text-block tile-icon-text\" ><span id=\"span-173-18\" class=\"ct-span\" >2<\/span><\/div><\/div><div id=\"div_block-82-18\" class=\"ct-div-block tile-equip\" ><div id=\"fancy_icon-87-18\" class=\"ct-fancy-icon tile-icon\" ><svg id=\"svg-fancy_icon-87-18\"><use xlink:href=\"#Hotelicon-Double-Bed\"><\/use><\/svg><\/div><div id=\"text_block-92-18\" class=\"ct-text-block tile-icon-text\" >Double bed<\/div><\/div><div id=\"div_block-101-18\" class=\"ct-div-block tile-equip\" ><div id=\"fancy_icon-102-18\" class=\"ct-fancy-icon tile-icon\" ><svg id=\"svg-fancy_icon-102-18\"><use xlink:href=\"#FontAwesomeicon-television\"><\/use><\/svg><\/div><div id=\"text_block-103-18\" class=\"ct-text-block tile-icon-text\" >&nbsp;Cable TV<\/div><\/div><div id=\"div_block-104-18\" class=\"ct-div-block tile-equip\" ><div id=\"fancy_icon-105-18\" class=\"ct-fancy-icon tile-icon\" ><svg id=\"svg-fancy_icon-105-18\"><use xlink:href=\"#FontAwesomeicon-wifi\"><\/use><\/svg><\/div><div id=\"text_block-106-18\" class=\"ct-text-block tile-icon-text\" >Internet<\/div><\/div><\/div><a id=\"link_text-167-18\" class=\"ct-link-text btn\" href=\"https:\/\/blowupbaltic.pl\/en\/apartammenty\/superior-3-pietro\/\" target=\"_self\"  >Details<\/a><\/div><\/div><div id=\"div_block-36-18\" class=\"ct-div-block room-tile\" ><div id=\"div_block-39-18\" class=\"ct-div-block tile-image image-wrapper\" ><img id=\"image-46-18\" alt=\"\" src=\"https:\/\/blowupbaltic.pl\/wp-content\/uploads\/2021\/07\/glo\u0301wne-5L5A7865-1024x682.jpg\" class=\"ct-image cover-image zoom-image\"\/><\/div><div id=\"div_block-52-18\" class=\"ct-div-block tile-details\" ><div id=\"text_block-57-18\" class=\"ct-text-block title\" ><span id=\"span-62-18\" class=\"ct-span\" >Standard<\/span><\/div><div id=\"text_block-67-18\" class=\"ct-text-block txt\" ><span id=\"span-72-18\" class=\"ct-span oxy-stock-content-styles\" >\n<p>Air-conditioned single or double room with balcony. The room is equipped with: refrigerator, flat-screen TV with cable TV, wardrobe, air conditioning, safe, ironing set, electric kettle. The rooms have wireless Internet access. <\/p>\n<\/span><\/div><div id=\"div_block-77-18\" class=\"ct-div-block\" ><div id=\"div_block-98-18\" class=\"ct-div-block tile-equip\" ><div id=\"fancy_icon-99-18\" class=\"ct-fancy-icon tile-icon\" ><svg id=\"svg-fancy_icon-99-18\"><use xlink:href=\"#FontAwesomeicon-group\"><\/use><\/svg><\/div><div id=\"text_block-100-18\" class=\"ct-text-block tile-icon-text\" >Number of persons:<\/div><div id=\"text_block-171-18\" class=\"ct-text-block tile-icon-text\" ><span id=\"span-173-18\" class=\"ct-span\" >1<\/span><\/div><\/div><div id=\"div_block-250-18\" class=\"ct-div-block tile-equip\" ><div id=\"fancy_icon-251-18\" class=\"ct-fancy-icon tile-icon\" ><svg id=\"svg-fancy_icon-251-18\"><use xlink:href=\"#Hotelicon-Single-Bed\"><\/use><\/svg><\/div><div id=\"text_block-338-18\" class=\"ct-text-block tile-icon-text\" >\u0141\u00f3\u017cko pojedynczy<\/div><\/div><div id=\"div_block-101-18\" class=\"ct-div-block tile-equip\" ><div id=\"fancy_icon-102-18\" class=\"ct-fancy-icon tile-icon\" ><svg id=\"svg-fancy_icon-102-18\"><use xlink:href=\"#FontAwesomeicon-television\"><\/use><\/svg><\/div><div id=\"text_block-103-18\" class=\"ct-text-block tile-icon-text\" >&nbsp;Cable TV<\/div><\/div><div id=\"div_block-104-18\" class=\"ct-div-block tile-equip\" ><div id=\"fancy_icon-105-18\" class=\"ct-fancy-icon tile-icon\" ><svg id=\"svg-fancy_icon-105-18\"><use xlink:href=\"#FontAwesomeicon-wifi\"><\/use><\/svg><\/div><div id=\"text_block-106-18\" class=\"ct-text-block tile-icon-text\" >Internet<\/div><\/div><\/div><a id=\"link_text-167-18\" class=\"ct-link-text btn\" href=\"https:\/\/blowupbaltic.pl\/en\/apartammenty\/standard\/\" target=\"_self\"  >Details<\/a><\/div><\/div>                    \n                                            \n                                        \n                    <\/div><\/div><\/section>","protected":false},"excerpt":{"rendered":"","protected":false},"author":2,"featured_media":0,"parent":0,"menu_order":0,"comment_status":"closed","ping_status":"closed","template":"","meta":[],"acf":[],"yoast_head":"<!-- This site is optimized with the Yoast SEO plugin v20.6 - https:\/\/yoast.com\/wordpress\/plugins\/seo\/ -->\n<title>Pokoje - Blow Up Baltic<\/title>\n<meta name=\"description\" content=\"Aparthotel BlowUp Baltic to hotel w Trz\u0119saczu, oferuj\u0105cy wypoczynek najwy\u017cszej jako\u015bci w klimatyzowanych pokojach i apartamentach z widokiem na morze. Obiekt znajduje si\u0119 50 metr\u00f3w od pla\u017cy.\" \/>\n<meta name=\"robots\" content=\"index, follow, max-snippet:-1, max-image-preview:large, max-video-preview:-1\" \/>\n<link rel=\"canonical\" href=\"https:\/\/blowupbaltic.pl\/en\/pokoje\/\" \/>\n<meta property=\"og:locale\" content=\"en_US\" \/>\n<meta property=\"og:type\" content=\"article\" \/>\n<meta property=\"og:title\" content=\"Pokoje - Blow Up Baltic\" \/>\n<meta property=\"og:description\" content=\"Aparthotel BlowUp Baltic to hotel w Trz\u0119saczu, oferuj\u0105cy wypoczynek najwy\u017cszej jako\u015bci w klimatyzowanych pokojach i apartamentach z widokiem na morze. Obiekt znajduje si\u0119 50 metr\u00f3w od pla\u017cy.\" \/>\n<meta property=\"og:url\" content=\"https:\/\/blowupbaltic.pl\/en\/pokoje\/\" \/>\n<meta property=\"og:site_name\" content=\"Blow Up Baltic\" \/>\n<meta property=\"article:modified_time\" content=\"2021-07-30T12:55:23+00:00\" \/>\n<meta name=\"twitter:card\" content=\"summary_large_image\" \/>\n<script type=\"application\/ld+json\" class=\"yoast-schema-graph\">{\"@context\":\"https:\/\/schema.org\",\"@graph\":[{\"@type\":\"WebPage\",\"@id\":\"https:\/\/blowupbaltic.pl\/pokoje\/\",\"url\":\"https:\/\/blowupbaltic.pl\/pokoje\/\",\"name\":\"Pokoje - Blow Up Baltic\",\"isPartOf\":{\"@id\":\"https:\/\/blowupbaltic.pl\/#website\"},\"datePublished\":\"2021-06-24T10:27:51+00:00\",\"dateModified\":\"2021-07-30T12:55:23+00:00\",\"description\":\"Aparthotel BlowUp Baltic to hotel w Trz\u0119saczu, oferuj\u0105cy wypoczynek najwy\u017cszej jako\u015bci w klimatyzowanych pokojach i apartamentach z widokiem na morze. Obiekt znajduje si\u0119 50 metr\u00f3w od pla\u017cy.\",\"inLanguage\":\"en-US\",\"potentialAction\":[{\"@type\":\"ReadAction\",\"target\":[\"https:\/\/blowupbaltic.pl\/pokoje\/\"]}]},{\"@type\":\"WebSite\",\"@id\":\"https:\/\/blowupbaltic.pl\/#website\",\"url\":\"https:\/\/blowupbaltic.pl\/\",\"name\":\"Blow Up Baltic\",\"description\":\"Aparthotel w Trz\u0119saczu\",\"potentialAction\":[{\"@type\":\"SearchAction\",\"target\":{\"@type\":\"EntryPoint\",\"urlTemplate\":\"https:\/\/blowupbaltic.pl\/?s={search_term_string}\"},\"query-input\":\"required name=search_term_string\"}],\"inLanguage\":\"en-US\"}]}<\/script>\n<!-- \/ Yoast SEO plugin. -->","yoast_head_json":{"title":"Pokoje - Blow Up Baltic","description":"Aparthotel BlowUp Baltic to hotel w Trz\u0119saczu, oferuj\u0105cy wypoczynek najwy\u017cszej jako\u015bci w klimatyzowanych pokojach i apartamentach z widokiem na morze. Obiekt znajduje si\u0119 50 metr\u00f3w od pla\u017cy.","robots":{"index":"index","follow":"follow","max-snippet":"max-snippet:-1","max-image-preview":"max-image-preview:large","max-video-preview":"max-video-preview:-1"},"canonical":"https:\/\/blowupbaltic.pl\/en\/pokoje\/","og_locale":"en_US","og_type":"article","og_title":"Pokoje - Blow Up Baltic","og_description":"Aparthotel BlowUp Baltic to hotel w Trz\u0119saczu, oferuj\u0105cy wypoczynek najwy\u017cszej jako\u015bci w klimatyzowanych pokojach i apartamentach z widokiem na morze. Obiekt znajduje si\u0119 50 metr\u00f3w od pla\u017cy.","og_url":"https:\/\/blowupbaltic.pl\/en\/pokoje\/","og_site_name":"Blow Up Baltic","article_modified_time":"2021-07-30T12:55:23+00:00","twitter_card":"summary_large_image","schema":{"@context":"https:\/\/schema.org","@graph":[{"@type":"WebPage","@id":"https:\/\/blowupbaltic.pl\/pokoje\/","url":"https:\/\/blowupbaltic.pl\/pokoje\/","name":"Pokoje - Blow Up Baltic","isPartOf":{"@id":"https:\/\/blowupbaltic.pl\/#website"},"datePublished":"2021-06-24T10:27:51+00:00","dateModified":"2021-07-30T12:55:23+00:00","description":"Aparthotel BlowUp Baltic to hotel w Trz\u0119saczu, oferuj\u0105cy wypoczynek najwy\u017cszej jako\u015bci w klimatyzowanych pokojach i apartamentach z widokiem na morze. Obiekt znajduje si\u0119 50 metr\u00f3w od pla\u017cy.","inLanguage":"en-US","potentialAction":[{"@type":"ReadAction","target":["https:\/\/blowupbaltic.pl\/pokoje\/"]}]},{"@type":"WebSite","@id":"https:\/\/blowupbaltic.pl\/#website","url":"https:\/\/blowupbaltic.pl\/","name":"Blow Up Baltic","description":"Aparthotel w Trz\u0119saczu","potentialAction":[{"@type":"SearchAction","target":{"@type":"EntryPoint","urlTemplate":"https:\/\/blowupbaltic.pl\/?s={search_term_string}"},"query-input":"required name=search_term_string"}],"inLanguage":"en-US"}]}},"_links":{"self":[{"href":"https:\/\/blowupbaltic.pl\/en\/wp-json\/wp\/v2\/pages\/18"}],"collection":[{"href":"https:\/\/blowupbaltic.pl\/en\/wp-json\/wp\/v2\/pages"}],"about":[{"href":"https:\/\/blowupbaltic.pl\/en\/wp-json\/wp\/v2\/types\/page"}],"author":[{"embeddable":true,"href":"https:\/\/blowupbaltic.pl\/en\/wp-json\/wp\/v2\/users\/2"}],"replies":[{"embeddable":true,"href":"https:\/\/blowupbaltic.pl\/en\/wp-json\/wp\/v2\/comments?post=18"}],"version-history":[{"count":6,"href":"https:\/\/blowupbaltic.pl\/en\/wp-json\/wp\/v2\/pages\/18\/revisions"}],"predecessor-version":[{"id":496,"href":"https:\/\/blowupbaltic.pl\/en\/wp-json\/wp\/v2\/pages\/18\/revisions\/496"}],"wp:attachment":[{"href":"https:\/\/blowupbaltic.pl\/en\/wp-json\/wp\/v2\/media?parent=18"}],"curies":[{"name":"wp","href":"https:\/\/api.w.org\/{rel}","templated":true}]}}