{"id":20,"date":"2021-06-24T12:28:07","date_gmt":"2021-06-24T10:28:07","guid":{"rendered":"https:\/\/blowupbaltic.pl\/?page_id=20"},"modified":"2021-10-11T12:54:15","modified_gmt":"2021-10-11T10:54:15","slug":"restauracja","status":"publish","type":"page","link":"https:\/\/blowupbaltic.pl\/en\/restauracja\/","title":{"rendered":"Restaurant"},"content":{"rendered":"<section id=\"section-3-20\" class=\"ct-section\" ><div class=\"ct-section-inner-wrap\">\n\t\t<div id=\"-carousel-builder-4-20\" class=\"oxy-carousel-builder\"><div class=\"oxy-carousel-builder_inner oxy-inner-content\" data-prev=\"#-carousel-builder-4-20 .oxy-carousel-builder_prev\" data-next=\"#-carousel-builder-4-20 .oxy-carousel-builder_next\" data-contain=\"true\" data-percent=\"true\" data-freescroll=\"false\" data-draggable=\"true\" data-wraparound=\"true\" data-carousel=\".oxy-dynamic-list\" data-cell=\".ct-div-block\" data-dragthreshold=\"3\" data-selectedattraction=\"0.025\" data-friction=\"0.28\" data-freescrollfriction=\"0.075\" data-forceheight=\"false\" data-fade=\"true\" data-tickerpause=\"true\" data-groupcells=\"1\" data-autoplay=\"6000\" data-pauseautoplay=\"false\" data-initial=\"1\" data-accessibility=\"true\" data-cellalign=\"center\" data-righttoleft=\"false\" data-pagedots=\"false\" data-trigger-aos=\"false\" data-clickselect=\"false\" data-tick=\"false\" ><div id=\"_dynamic_list-5-20\"  class=\"oxy-dynamic-list\"  ><div id=\"div_block-6-20\" class=\"ct-div-block\" ><img id=\"image-7-20\" alt=\"\" src=\"https:\/\/blowupbaltic.pl\/wp-content\/uploads\/2021\/07\/1600IMG_3794.jpg\" class=\"ct-image cover-image\"\/><\/div><\/div><\/div><\/div>\n\n\t\t<div id=\"div_block-8-20\" class=\"ct-div-block\" ><div id=\"div_block-9-20\" class=\"ct-div-block\" ><div id=\"div_block-10-20\" class=\"ct-div-block lineContainer\" ><div id=\"div_block-11-20\" class=\"ct-div-block line\" ><\/div><div id=\"div_block-12-20\" class=\"ct-div-block lineLong\" ><\/div><div id=\"div_block-13-20\" class=\"ct-div-block line\" ><\/div><\/div><h1 id=\"headline-14-20\" class=\"ct-headline heading\" data-aos=\"fade\" data-aos-duration=\"1000\"><span id=\"span-15-20\" class=\"ct-span\" ><\/span><\/h1><div id=\"div_block-16-20\" class=\"ct-div-block lineContainer\" ><div id=\"div_block-17-20\" class=\"ct-div-block line\" ><\/div><div id=\"div_block-18-20\" class=\"ct-div-block lineLong\" ><\/div><div id=\"div_block-19-20\" class=\"ct-div-block line\" ><\/div><\/div><\/div><div id=\"text_block-20-20\" class=\"ct-text-block hero-subtitle\"  data-aos=\"flip-up\" data-aos-duration=\"1050\" data-aos-offset=\"200\" data-aos-delay=\"600\"><span id=\"span-21-20\" class=\"ct-span\" ><\/span><\/div><div id=\"text_block-22-20\" class=\"ct-text-block hero-text\" ><span id=\"span-23-20\" class=\"ct-span\" ><\/span><\/div><\/div><\/div><\/section><section id=\"section-30-20\" class=\"ct-section\" ><div class=\"ct-section-inner-wrap\"><div id=\"text_block-31-20\" class=\"ct-text-block textDivider fade\" >The Bistro Bar Wielosmakowa restaurant guarantees good taste and a pleasant atmosphere!<\/div><\/div><\/section><section id=\"section-178-20\" class=\"ct-section\" ><div class=\"ct-section-inner-wrap\"><div id=\"div_block-179-20\" class=\"ct-div-block\" ><div id=\"div_block-180-20\" class=\"ct-div-block\" ><div id=\"div_block-181-20\" class=\"ct-div-block\" ><div id=\"div_block-194-20\" class=\"ct-div-block\" ><div id=\"div_block-195-20\" class=\"ct-div-block image-wrapper\"  data-aos=\"fade-up\" data-aos-duration=\"800\" data-aos-once=\"true\"><img id=\"image-196-20\" alt=\"\" src=\"https:\/\/blowupbaltic.pl\/wp-content\/uploads\/2021\/07\/IMG_3928.jpg\" class=\"ct-image cover-image zoom-image\"\/><\/div><div id=\"div_block-197-20\" class=\"ct-div-block image-wrapper\"  data-aos=\"fade-up\" data-aos-duration=\"800\" data-aos-delay=\"300\" data-aos-once=\"true\"><img id=\"image-198-20\" alt=\"\" src=\"https:\/\/blowupbaltic.pl\/wp-content\/uploads\/2021\/07\/IMG_4306.jpg\" class=\"ct-image cover-image zoom-image\"\/><\/div><\/div><div id=\"div_block-199-20\" class=\"ct-div-block\" ><div id=\"div_block-200-20\" class=\"ct-div-block image-wrapper\"  data-aos=\"fade-up\" data-aos-duration=\"800\" data-aos-once=\"true\"><img id=\"image-201-20\" alt=\"\" src=\"https:\/\/blowupbaltic.pl\/wp-content\/uploads\/2021\/07\/IMG_4282.jpg\" class=\"ct-image cover-image zoom-image\"\/><\/div><div id=\"div_block-202-20\" class=\"ct-div-block image-wrapper\"  data-aos=\"fade-up\" data-aos-duration=\"800\" data-aos-delay=\"300\" data-aos-once=\"true\"><img id=\"image-203-20\" alt=\"\" src=\"https:\/\/blowupbaltic.pl\/wp-content\/uploads\/2021\/07\/IMG_3750.jpg\" class=\"ct-image cover-image zoom-image\"\/><div id=\"div_block-6064-20\" class=\"ct-div-block play-btn\" ><div id=\"fancy_icon-6065-20\" class=\"ct-fancy-icon\" ><svg id=\"svg-fancy_icon-6065-20\"><use xlink:href=\"#vricon-\"><\/use><\/svg><\/div><\/div><\/div><\/div><\/div><\/div><div id=\"div_block-189-20\" class=\"ct-div-block\" ><div id=\"div_block-190-20\" class=\"ct-div-block desc\" ><div id=\"text_block-191-20\" class=\"ct-text-block subtitle\" >BISTRO BAR WIELOSMAKOWA<br><\/div><div id=\"text_block-192-20\" class=\"ct-text-block title\" >Restaurant<br><\/div><div id=\"text_block-193-20\" class=\"ct-text-block txt\" >The menu of Wielosmakowa consists mainly of homemade food. We create all our dishes using fresh produce from local suppliers.<br><br>We offer classic poultry and pork dishes for dinner - chicken breast, oven-baked legs, pork chops, or Hungarian style potato pancake. You will also find dumplings in our menu, both savoury and sweet; fish, pasta, pizza, pancakes, and a large selection of soups - from classic broth to squid tripe.<br><br>Our bar is the perfect place to start your day with breakfast overlooking the sea. Afterwards, we recommend coming back for refreshing drinks and beer straight from the fridge. <br><br>We guarantee excellent taste and a pleasant atmosphere!<br><\/div><\/div><\/div><\/div><\/div><\/section><section id=\"section-63-20\" class=\"ct-section\" ><div class=\"ct-section-inner-wrap\"><div id=\"div_block-79-20\" class=\"ct-div-block\" ><div id=\"div_block-82-20\" class=\"ct-div-block iconBox\" ><div id=\"fancy_icon-83-20\" class=\"ct-fancy-icon icon\" ><svg id=\"svg-fancy_icon-83-20\"><use xlink:href=\"#BlowUpicon-cappuccino-coffee-cafe-menu\"><\/use><\/svg><\/div><div id=\"text_block-84-20\" class=\"ct-text-block attrTitle\" >Fresh coffee<\/div><div id=\"text_block-85-20\" class=\"ct-text-block icon-text\" >Aromatic coffee and cooling cold drinks.<\/div><\/div><div id=\"div_block-64-20\" class=\"ct-div-block iconBox\" ><div id=\"fancy_icon-65-20\" class=\"ct-fancy-icon icon\" ><svg id=\"svg-fancy_icon-65-20\"><use xlink:href=\"#BlowUpicon-farm-products-basket-meat\"><\/use><\/svg><\/div><div id=\"text_block-66-20\" class=\"ct-text-block attrTitle\" >Local products<\/div><div id=\"text_block-68-20\" class=\"ct-text-block icon-text\" >We order products from local suppliers.<\/div><\/div><div id=\"div_block-86-20\" class=\"ct-div-block iconBox\" ><div id=\"fancy_icon-87-20\" class=\"ct-fancy-icon icon\" ><svg id=\"svg-fancy_icon-87-20\"><use xlink:href=\"#BlowUpicon-barista-coffee-restaurant-cafe-latte-art\"><\/use><\/svg><\/div><div id=\"text_block-88-20\" class=\"ct-text-block attrTitle\" >Homemade cakes<\/div><div id=\"text_block-89-20\" class=\"ct-text-block icon-text\" >Our waiters and bartenders will provide the perfect service.<\/div><\/div><div id=\"div_block-90-20\" class=\"ct-div-block iconBox\" ><div id=\"fancy_icon-91-20\" class=\"ct-fancy-icon icon\" ><svg id=\"svg-fancy_icon-91-20\"><use xlink:href=\"#Lineariconsicon-clock\"><\/use><\/svg><\/div><div id=\"text_block-92-20\" class=\"ct-text-block attrTitle\" >Opening hours<\/div><div id=\"text_block-93-20\" class=\"ct-text-block icon-text\" ><div>We are open daily between 9:00 and 21:00&nbsp;<\/div><\/div><\/div><\/div><\/div><\/section><section id=\"section-225-20\" class=\"ct-section\" ><div class=\"ct-section-inner-wrap\"><div id=\"div_block-226-20\" class=\"ct-div-block menu-selectionBox\" ><div id=\"text_block-1441-20\" class=\"ct-text-block trigger-menu\" >Trigger<\/div><div id=\"_dynamic_list-227-20\"  class=\"oxy-dynamic-list restaurant-list\"  ><\/div><\/div><\/div><\/section><section id=\"section-101-20\" class=\"ct-section\" ><div class=\"ct-section-inner-wrap\"><div id=\"text_block-102-20\" class=\"ct-text-block title\" >Our customers reviews<\/div>\n\t\t<div id=\"-carousel-builder-104-20\" class=\"oxy-carousel-builder\"><div class=\"oxy-carousel-builder_inner oxy-inner-content\" data-prev=\"#-carousel-builder-104-20 .oxy-carousel-builder_prev\" data-next=\"#-carousel-builder-104-20 .oxy-carousel-builder_next\" data-contain=\"true\" data-percent=\"true\" data-freescroll=\"false\" data-draggable=\"true\" data-wraparound=\"true\" data-carousel=\".oxy-dynamic-list\" data-cell=\".ct-div-block\" data-dragthreshold=\"3\" data-selectedattraction=\"0.025\" data-friction=\"0.28\" data-freescrollfriction=\"0.075\" data-forceheight=\"false\" data-fade=\"false\" data-tickerpause=\"true\" data-groupcells=\"1\" data-resume-autoplay=\"5\" data-autoplay=\"4000\" data-pauseautoplay=\"true\" data-initial=\"1\" data-accessibility=\"true\" data-cellalign=\"center\" data-righttoleft=\"false\" data-pagedots=\"true\" data-trigger-aos=\"false\" data-clickselect=\"false\" data-tick=\"false\" ><div id=\"_dynamic_list-105-20\"  class=\"oxy-dynamic-list\"  ><\/div><\/div><div class=\"oxy-carousel-builder_icon oxy-carousel-builder_prev\"><svg id=\"prev-carousel-builder-104-20\"><use xlink:href=\"#FontAwesomeicon-chevron-left\"><\/use><\/svg><\/span><\/div><div class=\"oxy-carousel-builder_icon oxy-carousel-builder_next\"><svg id=\"next-carousel-builder-104-20\"><use xlink:href=\"#FontAwesomeicon-chevron-right\"><\/use><\/svg><\/span><\/div><\/div>\n\n\t\t<\/div><\/section><section id=\"section-6948-20\" class=\"ct-section\" ><div class=\"ct-section-inner-wrap\"><a id=\"link_button-6944-20\" class=\"ct-link-button\" href=\"https:\/\/blowupbaltic.pl\/en\/menu-restauracja\/\"   >ZOBACZ MENU<\/a><\/div><\/section>            <div tabindex=\"-1\" class=\"oxy-modal-backdrop\"\n                style=\"background-color: rgba(0,0,0,0.5);\"\n                data-trigger=\"user_clicks_element\"                data-trigger-selector=\".trigger-menu\"                data-trigger-time=\"5\"                data-trigger-time-unit=\"seconds\"                data-close-automatically=\"no\"                data-close-after-time=\"10\"                data-close-after-time-unit=\"seconds\"                data-trigger_scroll_amount=\"50\"                data-trigger_scroll_direction=\"down\"\t            data-scroll_to_selector=\"\"\t            data-time_inactive=\"60\"\t            data-time-inactive-unit=\"seconds\"\t            data-number_of_clicks=\"3\"\t            data-close_on_esc=\"on\"\t            data-number_of_page_views=\"3\"                data-close-after-form-submit=\"no\"                data-open-again=\"always_show\"                data-open-again-after-days=\"3\"            >\n\n                <div id=\"modal-5045-20\" class=\"ct-modal\" ><div id=\"fancy_icon-5046-20\" class=\"ct-fancy-icon oxy-close-modal\" ><svg id=\"svg-fancy_icon-5046-20\"><use xlink:href=\"#FontAwesomeicon-close\"><\/use><\/svg><\/div><div id=\"div_block-5047-20\" class=\"ct-div-block menu-restaurant\" ><div id=\"text_block-5048-20\" class=\"ct-text-block\" >Menu<\/div><div id=\"_dynamic_list-5049-20\"  class=\"oxy-dynamic-list\"  ><\/div><\/div><\/div>\n            <\/div>\n                    <div tabindex=\"-1\" class=\"oxy-modal-backdrop\"\n                style=\"background-color: rgba(0,0,0,0.5);\"\n                data-trigger=\"user_clicks_element\"                data-trigger-selector=\".play-btn\"                data-trigger-time=\"5\"                data-trigger-time-unit=\"seconds\"                data-close-automatically=\"no\"                data-close-after-time=\"10\"                data-close-after-time-unit=\"seconds\"                data-trigger_scroll_amount=\"50\"                data-trigger_scroll_direction=\"down\"\t            data-scroll_to_selector=\"\"\t            data-time_inactive=\"60\"\t            data-time-inactive-unit=\"seconds\"\t            data-number_of_clicks=\"3\"\t            data-close_on_esc=\"on\"\t            data-number_of_page_views=\"3\"                data-close-after-form-submit=\"no\"                data-open-again=\"always_show\"                data-open-again-after-days=\"3\"            >\n\n                <div id=\"modal-6087-20\" class=\"ct-modal package-tile\" ><div id=\"code_block-6088-20\" class=\"ct-code-block\" ><div style=\"overflow:hidden;height:100%\" >\n  <iframe loading=\"lazy\" src=\"https:\/\/www.blowupbaltic.pl\/prezentacja\/index.html?s=pano15667&skipintro=true\" style=\"border:0px #ffffff none;\" name=\"myiFrame\" scrolling=\"no\" frameborder=\"0\" marginheight=\"0px\" marginwidth=\"0px\" height=\"100%\" width=\"100%\" allowfullscreen><\/iframe>\n  \n<\/div>\n<\/div><\/div>\n            <\/div>","protected":false},"excerpt":{"rendered":"","protected":false},"author":2,"featured_media":0,"parent":0,"menu_order":0,"comment_status":"closed","ping_status":"closed","template":"","meta":[],"acf":[],"yoast_head":"<!-- This site is optimized with the Yoast SEO plugin v20.6 - https:\/\/yoast.com\/wordpress\/plugins\/seo\/ -->\n<title>Restauracja - Blow Up Baltic<\/title>\n<meta name=\"description\" content=\"Aparthotel BlowUp Baltic to hotel w Trz\u0119saczu, oferuj\u0105cy wypoczynek najwy\u017cszej jako\u015bci w klimatyzowanych pokojach i apartamentach z widokiem na morze. Obiekt znajduje si\u0119 50 metr\u00f3w od pla\u017cy.\" \/>\n<meta name=\"robots\" content=\"index, follow, max-snippet:-1, max-image-preview:large, max-video-preview:-1\" \/>\n<link rel=\"canonical\" href=\"https:\/\/blowupbaltic.pl\/en\/restauracja\/\" \/>\n<meta property=\"og:locale\" content=\"en_US\" \/>\n<meta property=\"og:type\" content=\"article\" \/>\n<meta property=\"og:title\" content=\"Restauracja - Blow Up Baltic\" \/>\n<meta property=\"og:description\" content=\"Aparthotel BlowUp Baltic to hotel w Trz\u0119saczu, oferuj\u0105cy wypoczynek najwy\u017cszej jako\u015bci w klimatyzowanych pokojach i apartamentach z widokiem na morze. Obiekt znajduje si\u0119 50 metr\u00f3w od pla\u017cy.\" \/>\n<meta property=\"og:url\" content=\"https:\/\/blowupbaltic.pl\/en\/restauracja\/\" \/>\n<meta property=\"og:site_name\" content=\"Blow Up Baltic\" \/>\n<meta property=\"article:modified_time\" content=\"2021-10-11T10:54:15+00:00\" \/>\n<meta name=\"twitter:card\" content=\"summary_large_image\" \/>\n<script type=\"application\/ld+json\" class=\"yoast-schema-graph\">{\"@context\":\"https:\/\/schema.org\",\"@graph\":[{\"@type\":\"WebPage\",\"@id\":\"https:\/\/blowupbaltic.pl\/restauracja\/\",\"url\":\"https:\/\/blowupbaltic.pl\/restauracja\/\",\"name\":\"Restauracja - Blow Up Baltic\",\"isPartOf\":{\"@id\":\"https:\/\/blowupbaltic.pl\/#website\"},\"datePublished\":\"2021-06-24T10:28:07+00:00\",\"dateModified\":\"2021-10-11T10:54:15+00:00\",\"description\":\"Aparthotel BlowUp Baltic to hotel w Trz\u0119saczu, oferuj\u0105cy wypoczynek najwy\u017cszej jako\u015bci w klimatyzowanych pokojach i apartamentach z widokiem na morze. Obiekt znajduje si\u0119 50 metr\u00f3w od pla\u017cy.\",\"inLanguage\":\"en-US\",\"potentialAction\":[{\"@type\":\"ReadAction\",\"target\":[\"https:\/\/blowupbaltic.pl\/restauracja\/\"]}]},{\"@type\":\"WebSite\",\"@id\":\"https:\/\/blowupbaltic.pl\/#website\",\"url\":\"https:\/\/blowupbaltic.pl\/\",\"name\":\"Blow Up Baltic\",\"description\":\"Aparthotel w Trz\u0119saczu\",\"potentialAction\":[{\"@type\":\"SearchAction\",\"target\":{\"@type\":\"EntryPoint\",\"urlTemplate\":\"https:\/\/blowupbaltic.pl\/?s={search_term_string}\"},\"query-input\":\"required name=search_term_string\"}],\"inLanguage\":\"en-US\"}]}<\/script>\n<!-- \/ Yoast SEO plugin. -->","yoast_head_json":{"title":"Restauracja - Blow Up Baltic","description":"Aparthotel BlowUp Baltic to hotel w Trz\u0119saczu, oferuj\u0105cy wypoczynek najwy\u017cszej jako\u015bci w klimatyzowanych pokojach i apartamentach z widokiem na morze. Obiekt znajduje si\u0119 50 metr\u00f3w od pla\u017cy.","robots":{"index":"index","follow":"follow","max-snippet":"max-snippet:-1","max-image-preview":"max-image-preview:large","max-video-preview":"max-video-preview:-1"},"canonical":"https:\/\/blowupbaltic.pl\/en\/restauracja\/","og_locale":"en_US","og_type":"article","og_title":"Restauracja - Blow Up Baltic","og_description":"Aparthotel BlowUp Baltic to hotel w Trz\u0119saczu, oferuj\u0105cy wypoczynek najwy\u017cszej jako\u015bci w klimatyzowanych pokojach i apartamentach z widokiem na morze. Obiekt znajduje si\u0119 50 metr\u00f3w od pla\u017cy.","og_url":"https:\/\/blowupbaltic.pl\/en\/restauracja\/","og_site_name":"Blow Up Baltic","article_modified_time":"2021-10-11T10:54:15+00:00","twitter_card":"summary_large_image","schema":{"@context":"https:\/\/schema.org","@graph":[{"@type":"WebPage","@id":"https:\/\/blowupbaltic.pl\/restauracja\/","url":"https:\/\/blowupbaltic.pl\/restauracja\/","name":"Restauracja - Blow Up Baltic","isPartOf":{"@id":"https:\/\/blowupbaltic.pl\/#website"},"datePublished":"2021-06-24T10:28:07+00:00","dateModified":"2021-10-11T10:54:15+00:00","description":"Aparthotel BlowUp Baltic to hotel w Trz\u0119saczu, oferuj\u0105cy wypoczynek najwy\u017cszej jako\u015bci w klimatyzowanych pokojach i apartamentach z widokiem na morze. Obiekt znajduje si\u0119 50 metr\u00f3w od pla\u017cy.","inLanguage":"en-US","potentialAction":[{"@type":"ReadAction","target":["https:\/\/blowupbaltic.pl\/restauracja\/"]}]},{"@type":"WebSite","@id":"https:\/\/blowupbaltic.pl\/#website","url":"https:\/\/blowupbaltic.pl\/","name":"Blow Up Baltic","description":"Aparthotel w Trz\u0119saczu","potentialAction":[{"@type":"SearchAction","target":{"@type":"EntryPoint","urlTemplate":"https:\/\/blowupbaltic.pl\/?s={search_term_string}"},"query-input":"required name=search_term_string"}],"inLanguage":"en-US"}]}},"_links":{"self":[{"href":"https:\/\/blowupbaltic.pl\/en\/wp-json\/wp\/v2\/pages\/20"}],"collection":[{"href":"https:\/\/blowupbaltic.pl\/en\/wp-json\/wp\/v2\/pages"}],"about":[{"href":"https:\/\/blowupbaltic.pl\/en\/wp-json\/wp\/v2\/types\/page"}],"author":[{"embeddable":true,"href":"https:\/\/blowupbaltic.pl\/en\/wp-json\/wp\/v2\/users\/2"}],"replies":[{"embeddable":true,"href":"https:\/\/blowupbaltic.pl\/en\/wp-json\/wp\/v2\/comments?post=20"}],"version-history":[{"count":38,"href":"https:\/\/blowupbaltic.pl\/en\/wp-json\/wp\/v2\/pages\/20\/revisions"}],"predecessor-version":[{"id":522,"href":"https:\/\/blowupbaltic.pl\/en\/wp-json\/wp\/v2\/pages\/20\/revisions\/522"}],"wp:attachment":[{"href":"https:\/\/blowupbaltic.pl\/en\/wp-json\/wp\/v2\/media?parent=20"}],"curies":[{"name":"wp","href":"https:\/\/api.w.org\/{rel}","templated":true}]}}