{"id":22,"date":"2021-06-24T12:28:21","date_gmt":"2021-06-24T10:28:21","guid":{"rendered":"https:\/\/blowupbaltic.pl\/?page_id=22"},"modified":"2022-06-22T20:34:55","modified_gmt":"2022-06-22T18:34:55","slug":"kawiarnia","status":"publish","type":"page","link":"https:\/\/blowupbaltic.pl\/en\/kawiarnia\/","title":{"rendered":"Cafe"},"content":{"rendered":"<section id=\"section-2-22\" class=\"ct-section\" ><div class=\"ct-section-inner-wrap\">\n\t\t<div id=\"-carousel-builder-3-22\" class=\"oxy-carousel-builder\"><div class=\"oxy-carousel-builder_inner oxy-inner-content\" data-prev=\"#-carousel-builder-3-22 .oxy-carousel-builder_prev\" data-next=\"#-carousel-builder-3-22 .oxy-carousel-builder_next\" data-contain=\"true\" data-percent=\"true\" data-freescroll=\"false\" data-draggable=\"true\" data-wraparound=\"true\" data-carousel=\".oxy-dynamic-list\" data-cell=\".ct-div-block\" data-dragthreshold=\"3\" data-selectedattraction=\"0.025\" data-friction=\"0.28\" data-freescrollfriction=\"0.075\" data-forceheight=\"false\" data-fade=\"true\" data-tickerpause=\"true\" data-groupcells=\"1\" data-autoplay=\"6000\" data-pauseautoplay=\"false\" data-initial=\"1\" data-accessibility=\"true\" data-cellalign=\"center\" data-righttoleft=\"false\" data-pagedots=\"false\" data-trigger-aos=\"false\" data-clickselect=\"false\" data-tick=\"false\" ><div id=\"_dynamic_list-4-22\"  class=\"oxy-dynamic-list\"  ><div id=\"div_block-6-22\" class=\"ct-div-block\" ><img id=\"image-12-22\" alt=\"\" src=\"https:\/\/blowupbaltic.pl\/wp-content\/uploads\/2022\/06\/5L5A4076-1.jpg\" class=\"ct-image cover-image\"\/><\/div><\/div><\/div><\/div>\n\n\t\t<div id=\"div_block-19-22\" class=\"ct-div-block\" ><div id=\"div_block-20-22\" class=\"ct-div-block\" ><div id=\"div_block-21-22\" class=\"ct-div-block lineContainer\" ><div id=\"div_block-22-22\" class=\"ct-div-block line\" ><\/div><div id=\"div_block-23-22\" class=\"ct-div-block lineLong\" ><\/div><div id=\"div_block-24-22\" class=\"ct-div-block line\" ><\/div><\/div><h1 id=\"headline-25-22\" class=\"ct-headline heading\" data-aos=\"fade\" data-aos-duration=\"1000\"><span id=\"span-34-22\" class=\"ct-span\" ><\/span><\/h1><div id=\"div_block-26-22\" class=\"ct-div-block lineContainer\" ><div id=\"div_block-27-22\" class=\"ct-div-block line\" ><\/div><div id=\"div_block-28-22\" class=\"ct-div-block lineLong\" ><\/div><div id=\"div_block-29-22\" class=\"ct-div-block line\" ><\/div><\/div><\/div><div id=\"text_block-30-22\" class=\"ct-text-block hero-subtitle\"  data-aos=\"flip-up\" data-aos-duration=\"1050\" data-aos-offset=\"200\" data-aos-delay=\"600\"><span id=\"span-36-22\" class=\"ct-span\" ><\/span><\/div><div id=\"text_block-31-22\" class=\"ct-text-block hero-text\"  data-aos=\"fade\" data-aos-duration=\"1000\" data-aos-offset=\"200\" data-aos-delay=\"200\" data-aos-once=\"true\"><span id=\"span-38-22\" class=\"ct-span\" ><\/span><\/div><\/div><\/div><\/section><section id=\"section-1034-22\" class=\"ct-section\" ><div class=\"ct-section-inner-wrap\"><div id=\"div_block-1035-22\" class=\"ct-div-block\" ><div id=\"div_block-1036-22\" class=\"ct-div-block\" ><div id=\"div_block-1037-22\" class=\"ct-div-block\" ><div id=\"div_block-1038-22\" class=\"ct-div-block\" ><div id=\"div_block-1039-22\" class=\"ct-div-block image-wrapper\"  data-aos=\"fade-up\" data-aos-duration=\"800\" data-aos-once=\"true\"><img id=\"image-1040-22\" alt=\"\" src=\"https:\/\/blowupbaltic.pl\/wp-content\/uploads\/2022\/06\/5L5A8214-1.jpg\" class=\"ct-image cover-image zoom-image\"\/><\/div><div id=\"div_block-1041-22\" class=\"ct-div-block image-wrapper\"  data-aos=\"fade-up\" data-aos-duration=\"800\" data-aos-delay=\"300\" data-aos-once=\"true\"><img id=\"image-1042-22\" alt=\"\" src=\"https:\/\/blowupbaltic.pl\/wp-content\/uploads\/2021\/07\/P7153328.jpg\" class=\"ct-image cover-image zoom-image\"\/><\/div><\/div><div id=\"div_block-1043-22\" class=\"ct-div-block image-wrapper\"  data-aos=\"fade-up\" data-aos-duration=\"800\" data-aos-delay=\"600\" data-aos-once=\"true\"><img id=\"image-1044-22\" alt=\"\" src=\"https:\/\/blowupbaltic.pl\/wp-content\/uploads\/2022\/06\/5L5A8386.jpg\" class=\"ct-image cover-image zoom-image\"\/><\/div><\/div><\/div><div id=\"div_block-1045-22\" class=\"ct-div-block\" ><div id=\"div_block-1054-22\" class=\"ct-div-block desc\" ><div id=\"text_block-1055-22\" class=\"ct-text-block subtitle\" >Cafe<br><\/div><div id=\"text_block-1056-22\" class=\"ct-text-block title\" >Coffee on the roof<br><\/div><div id=\"text_block-1057-22\" class=\"ct-text-block txt\" >A moment of relaxation with a view of the Baltic Sea? The hotel has a unique caf?? on the roof where you can enjoy an excellent cup of coffee and admire the scenery.<br><br>The cafe's menu includes drinks that will cool you down on hot days and those that will warm you up on cooler evenings. We also serve alcoholic beverages - beer, wine and classic drinks - sweet pina colada, refreshing Aperol or whisky on ice.<br><br>The Cafe on the Roof also offers delicious cakes and classic desserts, and ice cream.<br><br><\/div><\/div><\/div><\/div><\/div><\/section><section id=\"section-76-22\" class=\"ct-section\" ><div class=\"ct-section-inner-wrap\"><div id=\"text_block-77-22\" class=\"ct-text-block textDivider fade\" >The cafe offers room service. Any offer from the card can also be ordered to your hotel room.<\/div><div id=\"div_block-78-22\" class=\"ct-div-block\" ><a id=\"link_text-79-22\" class=\"ct-link-text inText-link fade-delay\" href=\"https:\/\/blowupbaltic.pl\/wp-content\/uploads\/2021\/07\/kawa-na-dachu-menu.pdf\" target=\"_blank\"  ><\/a><\/div><\/div><\/section><section id=\"section-5534-22\" class=\"ct-section\" ><div class=\"ct-section-inner-wrap\"><a id=\"link_button-5535-22\" class=\"ct-link-button\" href=\"https:\/\/blowupbaltic.pl\/en\/menu-kawiarnia\/\"   >ZOBACZ MENU<\/a><\/div><\/section><section id=\"section-1064-22\" class=\"ct-section\" ><div class=\"ct-section-inner-wrap\"><div id=\"div_block-1065-22\" class=\"ct-div-block menu-selectionBox\" ><div id=\"text_block-1066-22\" class=\"ct-text-block trigger-menu\" >Trigger<\/div><div id=\"_dynamic_list-1067-22\"  class=\"oxy-dynamic-list restaurant-list\"  ><\/div><\/div><\/div><\/section>            <div tabindex=\"-1\" class=\"oxy-modal-backdrop\"\n                style=\"background-color: rgba(0,0,0,0.5);\"\n                data-trigger=\"user_clicks_element\"                data-trigger-selector=\".trigger-menu\"                data-trigger-time=\"5\"                data-trigger-time-unit=\"seconds\"                data-close-automatically=\"no\"                data-close-after-time=\"10\"                data-close-after-time-unit=\"seconds\"                data-trigger_scroll_amount=\"50\"                data-trigger_scroll_direction=\"down\"\t            data-scroll_to_selector=\"\"\t            data-time_inactive=\"60\"\t            data-time-inactive-unit=\"seconds\"\t            data-number_of_clicks=\"3\"\t            data-close_on_esc=\"on\"\t            data-number_of_page_views=\"3\"                data-close-after-form-submit=\"no\"                data-open-again=\"always_show\"                data-open-again-after-days=\"3\"            >\n\n                <div id=\"modal-1096-22\" class=\"ct-modal\" ><div id=\"fancy_icon-1114-22\" class=\"ct-fancy-icon oxy-close-modal\" ><svg id=\"svg-fancy_icon-1114-22\"><use xlink:href=\"#FontAwesomeicon-close\"><\/use><\/svg><\/div><div id=\"div_block-1097-22\" class=\"ct-div-block menu-restaurant\" ><div id=\"text_block-1098-22\" class=\"ct-text-block\" >Menu<\/div><div id=\"_dynamic_list-1099-22\"  class=\"oxy-dynamic-list\"  ><\/div><\/div><\/div>\n            <\/div>\n                    <div tabindex=\"-1\" class=\"oxy-modal-backdrop\"\n                style=\"background-color: rgba(0,0,0,0.5);\"\n                data-trigger=\"user_clicks_element\"                data-trigger-selector=\".play-btn\"                data-trigger-time=\"5\"                data-trigger-time-unit=\"seconds\"                data-close-automatically=\"no\"                data-close-after-time=\"10\"                data-close-after-time-unit=\"seconds\"                data-trigger_scroll_amount=\"50\"                data-trigger_scroll_direction=\"down\"\t            data-scroll_to_selector=\"\"\t            data-time_inactive=\"60\"\t            data-time-inactive-unit=\"seconds\"\t            data-number_of_clicks=\"3\"\t            data-close_on_esc=\"on\"\t            data-number_of_page_views=\"3\"                data-close-after-form-submit=\"no\"                data-open-again=\"always_show\"                data-open-again-after-days=\"3\"            >\n\n                <div id=\"modal-4101-22\" class=\"ct-modal package-tile\" ><div id=\"code_block-4102-22\" class=\"ct-code-block\" ><div style=\"overflow:hidden;height:100%\" >\n  <iframe loading=\"lazy\" src=\"https:\/\/www.blowupbaltic.pl\/prezentacja\/index.html?s=pano15806 \" style=\"border:0px #ffffff none;\" name=\"myiFrame\" scrolling=\"no\" frameborder=\"0\" marginheight=\"0px\" marginwidth=\"0px\" height=\"100%\" width=\"100%\" allowfullscreen><\/iframe>\n  \n<\/div>\n<\/div><\/div>\n            <\/div>","protected":false},"excerpt":{"rendered":"","protected":false},"author":2,"featured_media":0,"parent":0,"menu_order":0,"comment_status":"closed","ping_status":"closed","template":"","meta":[],"acf":[],"yoast_head":"<!-- This site is optimized with the Yoast SEO plugin v20.6 - https:\/\/yoast.com\/wordpress\/plugins\/seo\/ -->\n<title>Kawiarnia - Blow Up Baltic<\/title>\n<meta name=\"description\" content=\"Aparthotel BlowUp Baltic to hotel w Trz\u0119saczu, oferuj\u0105cy wypoczynek najwy\u017cszej jako\u015bci w klimatyzowanych pokojach i apartamentach z widokiem na morze. Obiekt znajduje si\u0119 50 metr\u00f3w od pla\u017cy.\" \/>\n<meta name=\"robots\" content=\"index, follow, max-snippet:-1, max-image-preview:large, max-video-preview:-1\" \/>\n<link rel=\"canonical\" href=\"https:\/\/blowupbaltic.pl\/en\/kawiarnia\/\" \/>\n<meta property=\"og:locale\" content=\"en_US\" \/>\n<meta property=\"og:type\" content=\"article\" \/>\n<meta property=\"og:title\" content=\"Kawiarnia - Blow Up Baltic\" \/>\n<meta property=\"og:description\" content=\"Aparthotel BlowUp Baltic to hotel w Trz\u0119saczu, oferuj\u0105cy wypoczynek najwy\u017cszej jako\u015bci w klimatyzowanych pokojach i apartamentach z widokiem na morze. Obiekt znajduje si\u0119 50 metr\u00f3w od pla\u017cy.\" \/>\n<meta property=\"og:url\" content=\"https:\/\/blowupbaltic.pl\/en\/kawiarnia\/\" \/>\n<meta property=\"og:site_name\" content=\"Blow Up Baltic\" \/>\n<meta property=\"article:modified_time\" content=\"2022-06-22T18:34:55+00:00\" \/>\n<meta name=\"twitter:card\" content=\"summary_large_image\" \/>\n<script type=\"application\/ld+json\" class=\"yoast-schema-graph\">{\"@context\":\"https:\/\/schema.org\",\"@graph\":[{\"@type\":\"WebPage\",\"@id\":\"https:\/\/blowupbaltic.pl\/kawiarnia\/\",\"url\":\"https:\/\/blowupbaltic.pl\/kawiarnia\/\",\"name\":\"Kawiarnia - Blow Up Baltic\",\"isPartOf\":{\"@id\":\"https:\/\/blowupbaltic.pl\/#website\"},\"datePublished\":\"2021-06-24T10:28:21+00:00\",\"dateModified\":\"2022-06-22T18:34:55+00:00\",\"description\":\"Aparthotel BlowUp Baltic to hotel w Trz\u0119saczu, oferuj\u0105cy wypoczynek najwy\u017cszej jako\u015bci w klimatyzowanych pokojach i apartamentach z widokiem na morze. Obiekt znajduje si\u0119 50 metr\u00f3w od pla\u017cy.\",\"inLanguage\":\"en-US\",\"potentialAction\":[{\"@type\":\"ReadAction\",\"target\":[\"https:\/\/blowupbaltic.pl\/kawiarnia\/\"]}]},{\"@type\":\"WebSite\",\"@id\":\"https:\/\/blowupbaltic.pl\/#website\",\"url\":\"https:\/\/blowupbaltic.pl\/\",\"name\":\"Blow Up Baltic\",\"description\":\"Aparthotel w Trz\u0119saczu\",\"potentialAction\":[{\"@type\":\"SearchAction\",\"target\":{\"@type\":\"EntryPoint\",\"urlTemplate\":\"https:\/\/blowupbaltic.pl\/?s={search_term_string}\"},\"query-input\":\"required name=search_term_string\"}],\"inLanguage\":\"en-US\"}]}<\/script>\n<!-- \/ Yoast SEO plugin. -->","yoast_head_json":{"title":"Kawiarnia - Blow Up Baltic","description":"Aparthotel BlowUp Baltic to hotel w Trz\u0119saczu, oferuj\u0105cy wypoczynek najwy\u017cszej jako\u015bci w klimatyzowanych pokojach i apartamentach z widokiem na morze. Obiekt znajduje si\u0119 50 metr\u00f3w od pla\u017cy.","robots":{"index":"index","follow":"follow","max-snippet":"max-snippet:-1","max-image-preview":"max-image-preview:large","max-video-preview":"max-video-preview:-1"},"canonical":"https:\/\/blowupbaltic.pl\/en\/kawiarnia\/","og_locale":"en_US","og_type":"article","og_title":"Kawiarnia - Blow Up Baltic","og_description":"Aparthotel BlowUp Baltic to hotel w Trz\u0119saczu, oferuj\u0105cy wypoczynek najwy\u017cszej jako\u015bci w klimatyzowanych pokojach i apartamentach z widokiem na morze. Obiekt znajduje si\u0119 50 metr\u00f3w od pla\u017cy.","og_url":"https:\/\/blowupbaltic.pl\/en\/kawiarnia\/","og_site_name":"Blow Up Baltic","article_modified_time":"2022-06-22T18:34:55+00:00","twitter_card":"summary_large_image","schema":{"@context":"https:\/\/schema.org","@graph":[{"@type":"WebPage","@id":"https:\/\/blowupbaltic.pl\/kawiarnia\/","url":"https:\/\/blowupbaltic.pl\/kawiarnia\/","name":"Kawiarnia - Blow Up Baltic","isPartOf":{"@id":"https:\/\/blowupbaltic.pl\/#website"},"datePublished":"2021-06-24T10:28:21+00:00","dateModified":"2022-06-22T18:34:55+00:00","description":"Aparthotel BlowUp Baltic to hotel w Trz\u0119saczu, oferuj\u0105cy wypoczynek najwy\u017cszej jako\u015bci w klimatyzowanych pokojach i apartamentach z widokiem na morze. Obiekt znajduje si\u0119 50 metr\u00f3w od pla\u017cy.","inLanguage":"en-US","potentialAction":[{"@type":"ReadAction","target":["https:\/\/blowupbaltic.pl\/kawiarnia\/"]}]},{"@type":"WebSite","@id":"https:\/\/blowupbaltic.pl\/#website","url":"https:\/\/blowupbaltic.pl\/","name":"Blow Up Baltic","description":"Aparthotel w Trz\u0119saczu","potentialAction":[{"@type":"SearchAction","target":{"@type":"EntryPoint","urlTemplate":"https:\/\/blowupbaltic.pl\/?s={search_term_string}"},"query-input":"required name=search_term_string"}],"inLanguage":"en-US"}]}},"_links":{"self":[{"href":"https:\/\/blowupbaltic.pl\/en\/wp-json\/wp\/v2\/pages\/22"}],"collection":[{"href":"https:\/\/blowupbaltic.pl\/en\/wp-json\/wp\/v2\/pages"}],"about":[{"href":"https:\/\/blowupbaltic.pl\/en\/wp-json\/wp\/v2\/types\/page"}],"author":[{"embeddable":true,"href":"https:\/\/blowupbaltic.pl\/en\/wp-json\/wp\/v2\/users\/2"}],"replies":[{"embeddable":true,"href":"https:\/\/blowupbaltic.pl\/en\/wp-json\/wp\/v2\/comments?post=22"}],"version-history":[{"count":59,"href":"https:\/\/blowupbaltic.pl\/en\/wp-json\/wp\/v2\/pages\/22\/revisions"}],"predecessor-version":[{"id":625,"href":"https:\/\/blowupbaltic.pl\/en\/wp-json\/wp\/v2\/pages\/22\/revisions\/625"}],"wp:attachment":[{"href":"https:\/\/blowupbaltic.pl\/en\/wp-json\/wp\/v2\/media?parent=22"}],"curies":[{"name":"wp","href":"https:\/\/api.w.org\/{rel}","templated":true}]}}