{"id":3,"date":"2021-06-24T08:31:36","date_gmt":"2021-06-24T06:31:36","guid":{"rendered":"http:\/\/blowupbaltic.pl\/?page_id=3"},"modified":"2021-07-29T08:49:02","modified_gmt":"2021-07-29T06:49:02","slug":"polityka-prywatnosci","status":"publish","type":"page","link":"https:\/\/blowupbaltic.pl\/en\/polityka-prywatnosci\/","title":{"rendered":"Polityka prywatno\u015bci"},"content":{"rendered":"<p>1. Cookies, inaczej \u201eciasteczka\u201d to niewielkie informacje tekstowe, wysy\u0142ane przez serwis internetowy i zapisywane na urz\u0105dzeniu U\u017cytkownika. Tworzone s\u0105 przez przegl\u0105dark\u0119 w momencie odwiedzenia danej strony. Mog\u0105 zosta\u0107 wykorzystane przy ponownej wizycie na stronie.<br>Pliki cookies nie s\u0142u\u017c\u0105 do identyfikacji u\u017cytkownik\u00f3w i na ich podstawie nie jest ustalana to\u017csamo\u015b\u0107 U\u017cytkownika.<\/p>\n\n\n\n<p>2. Stosowane s\u0105 w celu:<\/p>\n\n\n\n<ul><li>zapami\u0119tania preferencji dotycz\u0105cych strony<\/li><li>tworzenia anonimowe statystyki odwiedzin strony<\/li><li>tworzenia historii przegl\u0105danych stron.<\/li><\/ul>\n\n\n\n<p>Pozwalaj\u0105 realnie oceni\u0107 zainteresowanie serwisem.<\/p>\n\n\n\n<p>3. Nasz serwis u\u017cywa plik\u00f3w cookie w celu tworzenia anonimowych statystyk odwiedzin serwisu.<br>Informacje zbierane s\u0105 przy pomocy skryptu Google Analytics.<\/p>\n\n\n\n<p><strong>Nasz serwis nie gromadzi informacji s\u0142u\u017c\u0105cych do ustalenia to\u017csamo\u015bci U\u017cytkownika.<\/strong><\/p>\n\n\n\n<p>4. Oprogramowanie s\u0142u\u017c\u0105ce do przegl\u0105dania stron internetowych domy\u015blnie przechowuje pliki cookies w urz\u0105dzeniu ko\u0144cowym u\u017cytkownika. U\u017cytkownicy przegl\u0105darki mog\u0105 zmieni\u0107 ustawienia dotycz\u0105ce plik\u00f3w cookie, tak aby automatycznie blokowa\u0107 obs\u0142ug\u0119 plik\u00f3w cookies.<br>Zmiana ustawie\u0144 mo\u017ce wp\u0142yn\u0105\u0107 na ograniczenie niekt\u00f3rych funkcjonalno\u015bci dost\u0119pnych na stronach serwisu.<br>Pliki cookies mo\u017cna r\u00f3wnie\u017c usun\u0105\u0107 z dysku komputera w dowolnej chwili.<\/p>","protected":false},"excerpt":{"rendered":"<p>1. Cookies, inaczej \u201eciasteczka\u201d to niewielkie informacje tekstowe, wysy\u0142ane przez serwis internetowy i zapisywane na urz\u0105dzeniu U\u017cytkownika. Tworzone s\u0105 przez przegl\u0105dark\u0119 w momencie odwiedzenia danej strony. Mog\u0105 zosta\u0107 wykorzystane przy ponownej wizycie na stronie.Pliki cookies nie s\u0142u\u017c\u0105 do identyfikacji u\u017cytkownik\u00f3w i na ich podstawie nie jest ustalana to\u017csamo\u015b\u0107 U\u017cytkownika. 2. Stosowane s\u0105 w celu: zapami\u0119tania [&hellip;]<\/p>\n","protected":false},"author":1,"featured_media":0,"parent":0,"menu_order":0,"comment_status":"closed","ping_status":"open","template":"","meta":[],"acf":[],"yoast_head":"<!-- This site is optimized with the Yoast SEO plugin v20.6 - https:\/\/yoast.com\/wordpress\/plugins\/seo\/ -->\n<title>Polityka prywatno\u015bci - Blow Up Baltic<\/title>\n<meta name=\"description\" content=\"Aparthotel BlowUp Baltic to hotel w Trz\u0119saczu, oferuj\u0105cy wypoczynek najwy\u017cszej jako\u015bci w klimatyzowanych pokojach i apartamentach z widokiem na morze. Obiekt znajduje si\u0119 50 metr\u00f3w od pla\u017cy.\" \/>\n<meta name=\"robots\" content=\"index, follow, max-snippet:-1, max-image-preview:large, max-video-preview:-1\" \/>\n<link rel=\"canonical\" href=\"https:\/\/blowupbaltic.pl\/en\/polityka-prywatnosci\/\" \/>\n<meta property=\"og:locale\" content=\"en_US\" \/>\n<meta property=\"og:type\" content=\"article\" \/>\n<meta property=\"og:title\" content=\"Polityka prywatno\u015bci - Blow Up Baltic\" \/>\n<meta property=\"og:description\" content=\"Aparthotel BlowUp Baltic to hotel w Trz\u0119saczu, oferuj\u0105cy wypoczynek najwy\u017cszej jako\u015bci w klimatyzowanych pokojach i apartamentach z widokiem na morze. Obiekt znajduje si\u0119 50 metr\u00f3w od pla\u017cy.\" \/>\n<meta property=\"og:url\" content=\"https:\/\/blowupbaltic.pl\/en\/polityka-prywatnosci\/\" \/>\n<meta property=\"og:site_name\" content=\"Blow Up Baltic\" \/>\n<meta property=\"article:modified_time\" content=\"2021-07-29T06:49:02+00:00\" \/>\n<meta name=\"twitter:card\" content=\"summary_large_image\" \/>\n<meta name=\"twitter:label1\" content=\"Est. reading time\" \/>\n\t<meta name=\"twitter:data1\" content=\"1 minute\" \/>\n<script type=\"application\/ld+json\" class=\"yoast-schema-graph\">{\"@context\":\"https:\/\/schema.org\",\"@graph\":[{\"@type\":\"WebPage\",\"@id\":\"https:\/\/blowupbaltic.pl\/polityka-prywatnosci\/\",\"url\":\"https:\/\/blowupbaltic.pl\/polityka-prywatnosci\/\",\"name\":\"Polityka prywatno\u015bci - Blow Up Baltic\",\"isPartOf\":{\"@id\":\"https:\/\/blowupbaltic.pl\/#website\"},\"datePublished\":\"2021-06-24T06:31:36+00:00\",\"dateModified\":\"2021-07-29T06:49:02+00:00\",\"description\":\"Aparthotel BlowUp Baltic to hotel w Trz\u0119saczu, oferuj\u0105cy wypoczynek najwy\u017cszej jako\u015bci w klimatyzowanych pokojach i apartamentach z widokiem na morze. Obiekt znajduje si\u0119 50 metr\u00f3w od pla\u017cy.\",\"inLanguage\":\"en-US\",\"potentialAction\":[{\"@type\":\"ReadAction\",\"target\":[\"https:\/\/blowupbaltic.pl\/polityka-prywatnosci\/\"]}]},{\"@type\":\"WebSite\",\"@id\":\"https:\/\/blowupbaltic.pl\/#website\",\"url\":\"https:\/\/blowupbaltic.pl\/\",\"name\":\"Blow Up Baltic\",\"description\":\"Aparthotel w Trz\u0119saczu\",\"potentialAction\":[{\"@type\":\"SearchAction\",\"target\":{\"@type\":\"EntryPoint\",\"urlTemplate\":\"https:\/\/blowupbaltic.pl\/?s={search_term_string}\"},\"query-input\":\"required name=search_term_string\"}],\"inLanguage\":\"en-US\"}]}<\/script>\n<!-- \/ Yoast SEO plugin. -->","yoast_head_json":{"title":"Polityka prywatno\u015bci - Blow Up Baltic","description":"Aparthotel BlowUp Baltic to hotel w Trz\u0119saczu, oferuj\u0105cy wypoczynek najwy\u017cszej jako\u015bci w klimatyzowanych pokojach i apartamentach z widokiem na morze. Obiekt znajduje si\u0119 50 metr\u00f3w od pla\u017cy.","robots":{"index":"index","follow":"follow","max-snippet":"max-snippet:-1","max-image-preview":"max-image-preview:large","max-video-preview":"max-video-preview:-1"},"canonical":"https:\/\/blowupbaltic.pl\/en\/polityka-prywatnosci\/","og_locale":"en_US","og_type":"article","og_title":"Polityka prywatno\u015bci - Blow Up Baltic","og_description":"Aparthotel BlowUp Baltic to hotel w Trz\u0119saczu, oferuj\u0105cy wypoczynek najwy\u017cszej jako\u015bci w klimatyzowanych pokojach i apartamentach z widokiem na morze. Obiekt znajduje si\u0119 50 metr\u00f3w od pla\u017cy.","og_url":"https:\/\/blowupbaltic.pl\/en\/polityka-prywatnosci\/","og_site_name":"Blow Up Baltic","article_modified_time":"2021-07-29T06:49:02+00:00","twitter_card":"summary_large_image","twitter_misc":{"Est. reading time":"1 minute"},"schema":{"@context":"https:\/\/schema.org","@graph":[{"@type":"WebPage","@id":"https:\/\/blowupbaltic.pl\/polityka-prywatnosci\/","url":"https:\/\/blowupbaltic.pl\/polityka-prywatnosci\/","name":"Polityka prywatno\u015bci - Blow Up Baltic","isPartOf":{"@id":"https:\/\/blowupbaltic.pl\/#website"},"datePublished":"2021-06-24T06:31:36+00:00","dateModified":"2021-07-29T06:49:02+00:00","description":"Aparthotel BlowUp Baltic to hotel w Trz\u0119saczu, oferuj\u0105cy wypoczynek najwy\u017cszej jako\u015bci w klimatyzowanych pokojach i apartamentach z widokiem na morze. Obiekt znajduje si\u0119 50 metr\u00f3w od pla\u017cy.","inLanguage":"en-US","potentialAction":[{"@type":"ReadAction","target":["https:\/\/blowupbaltic.pl\/polityka-prywatnosci\/"]}]},{"@type":"WebSite","@id":"https:\/\/blowupbaltic.pl\/#website","url":"https:\/\/blowupbaltic.pl\/","name":"Blow Up Baltic","description":"Aparthotel w Trz\u0119saczu","potentialAction":[{"@type":"SearchAction","target":{"@type":"EntryPoint","urlTemplate":"https:\/\/blowupbaltic.pl\/?s={search_term_string}"},"query-input":"required name=search_term_string"}],"inLanguage":"en-US"}]}},"_links":{"self":[{"href":"https:\/\/blowupbaltic.pl\/en\/wp-json\/wp\/v2\/pages\/3"}],"collection":[{"href":"https:\/\/blowupbaltic.pl\/en\/wp-json\/wp\/v2\/pages"}],"about":[{"href":"https:\/\/blowupbaltic.pl\/en\/wp-json\/wp\/v2\/types\/page"}],"author":[{"embeddable":true,"href":"https:\/\/blowupbaltic.pl\/en\/wp-json\/wp\/v2\/users\/1"}],"replies":[{"embeddable":true,"href":"https:\/\/blowupbaltic.pl\/en\/wp-json\/wp\/v2\/comments?post=3"}],"version-history":[{"count":4,"href":"https:\/\/blowupbaltic.pl\/en\/wp-json\/wp\/v2\/pages\/3\/revisions"}],"predecessor-version":[{"id":431,"href":"https:\/\/blowupbaltic.pl\/en\/wp-json\/wp\/v2\/pages\/3\/revisions\/431"}],"wp:attachment":[{"href":"https:\/\/blowupbaltic.pl\/en\/wp-json\/wp\/v2\/media?parent=3"}],"curies":[{"name":"wp","href":"https:\/\/api.w.org\/{rel}","templated":true}]}}