{"id":669,"date":"2023-03-24T11:14:02","date_gmt":"2023-03-24T10:14:02","guid":{"rendered":"https:\/\/blowupbaltic.pl\/?page_id=669"},"modified":"2023-03-24T11:14:03","modified_gmt":"2023-03-24T10:14:03","slug":"wirtualny-spacer","status":"publish","type":"page","link":"https:\/\/blowupbaltic.pl\/en\/wirtualny-spacer\/","title":{"rendered":"Wirtualny Spacer"},"content":{"rendered":"","protected":false},"excerpt":{"rendered":"","protected":false},"author":2,"featured_media":0,"parent":0,"menu_order":0,"comment_status":"closed","ping_status":"closed","template":"","meta":[],"acf":[],"yoast_head":"<!-- This site is optimized with the Yoast SEO plugin v20.6 - https:\/\/yoast.com\/wordpress\/plugins\/seo\/ -->\n<title>Wirtualny Spacer - Blow Up Baltic<\/title>\n<meta name=\"description\" content=\"Aparthotel BlowUp Baltic to hotel w Trz\u0119saczu, oferuj\u0105cy wypoczynek najwy\u017cszej jako\u015bci w klimatyzowanych pokojach i apartamentach z widokiem na morze. Obiekt znajduje si\u0119 50 metr\u00f3w od pla\u017cy.\" \/>\n<meta name=\"robots\" content=\"index, follow, max-snippet:-1, max-image-preview:large, max-video-preview:-1\" \/>\n<link rel=\"canonical\" href=\"https:\/\/blowupbaltic.pl\/en\/wirtualny-spacer\/\" \/>\n<meta property=\"og:locale\" content=\"en_US\" \/>\n<meta property=\"og:type\" content=\"article\" \/>\n<meta property=\"og:title\" content=\"Wirtualny Spacer - Blow Up Baltic\" \/>\n<meta property=\"og:description\" content=\"Aparthotel BlowUp Baltic to hotel w Trz\u0119saczu, oferuj\u0105cy wypoczynek najwy\u017cszej jako\u015bci w klimatyzowanych pokojach i apartamentach z widokiem na morze. Obiekt znajduje si\u0119 50 metr\u00f3w od pla\u017cy.\" \/>\n<meta property=\"og:url\" content=\"https:\/\/blowupbaltic.pl\/en\/wirtualny-spacer\/\" \/>\n<meta property=\"og:site_name\" content=\"Blow Up Baltic\" \/>\n<meta property=\"article:modified_time\" content=\"2023-03-24T10:14:03+00:00\" \/>\n<meta name=\"twitter:card\" content=\"summary_large_image\" \/>\n<script type=\"application\/ld+json\" class=\"yoast-schema-graph\">{\"@context\":\"https:\/\/schema.org\",\"@graph\":[{\"@type\":\"WebPage\",\"@id\":\"https:\/\/blowupbaltic.pl\/wirtualny-spacer\/\",\"url\":\"https:\/\/blowupbaltic.pl\/wirtualny-spacer\/\",\"name\":\"Wirtualny Spacer - Blow Up Baltic\",\"isPartOf\":{\"@id\":\"https:\/\/blowupbaltic.pl\/#website\"},\"datePublished\":\"2023-03-24T10:14:02+00:00\",\"dateModified\":\"2023-03-24T10:14:03+00:00\",\"description\":\"Aparthotel BlowUp Baltic to hotel w Trz\u0119saczu, oferuj\u0105cy wypoczynek najwy\u017cszej jako\u015bci w klimatyzowanych pokojach i apartamentach z widokiem na morze. Obiekt znajduje si\u0119 50 metr\u00f3w od pla\u017cy.\",\"inLanguage\":\"en-US\",\"potentialAction\":[{\"@type\":\"ReadAction\",\"target\":[\"https:\/\/blowupbaltic.pl\/wirtualny-spacer\/\"]}]},{\"@type\":\"WebSite\",\"@id\":\"https:\/\/blowupbaltic.pl\/#website\",\"url\":\"https:\/\/blowupbaltic.pl\/\",\"name\":\"Blow Up Baltic\",\"description\":\"Aparthotel w Trz\u0119saczu\",\"potentialAction\":[{\"@type\":\"SearchAction\",\"target\":{\"@type\":\"EntryPoint\",\"urlTemplate\":\"https:\/\/blowupbaltic.pl\/?s={search_term_string}\"},\"query-input\":\"required name=search_term_string\"}],\"inLanguage\":\"en-US\"}]}<\/script>\n<!-- \/ Yoast SEO plugin. -->","yoast_head_json":{"title":"Wirtualny Spacer - Blow Up Baltic","description":"Aparthotel BlowUp Baltic to hotel w Trz\u0119saczu, oferuj\u0105cy wypoczynek najwy\u017cszej jako\u015bci w klimatyzowanych pokojach i apartamentach z widokiem na morze. Obiekt znajduje si\u0119 50 metr\u00f3w od pla\u017cy.","robots":{"index":"index","follow":"follow","max-snippet":"max-snippet:-1","max-image-preview":"max-image-preview:large","max-video-preview":"max-video-preview:-1"},"canonical":"https:\/\/blowupbaltic.pl\/en\/wirtualny-spacer\/","og_locale":"en_US","og_type":"article","og_title":"Wirtualny Spacer - Blow Up Baltic","og_description":"Aparthotel BlowUp Baltic to hotel w Trz\u0119saczu, oferuj\u0105cy wypoczynek najwy\u017cszej jako\u015bci w klimatyzowanych pokojach i apartamentach z widokiem na morze. Obiekt znajduje si\u0119 50 metr\u00f3w od pla\u017cy.","og_url":"https:\/\/blowupbaltic.pl\/en\/wirtualny-spacer\/","og_site_name":"Blow Up Baltic","article_modified_time":"2023-03-24T10:14:03+00:00","twitter_card":"summary_large_image","schema":{"@context":"https:\/\/schema.org","@graph":[{"@type":"WebPage","@id":"https:\/\/blowupbaltic.pl\/wirtualny-spacer\/","url":"https:\/\/blowupbaltic.pl\/wirtualny-spacer\/","name":"Wirtualny Spacer - Blow Up Baltic","isPartOf":{"@id":"https:\/\/blowupbaltic.pl\/#website"},"datePublished":"2023-03-24T10:14:02+00:00","dateModified":"2023-03-24T10:14:03+00:00","description":"Aparthotel BlowUp Baltic to hotel w Trz\u0119saczu, oferuj\u0105cy wypoczynek najwy\u017cszej jako\u015bci w klimatyzowanych pokojach i apartamentach z widokiem na morze. Obiekt znajduje si\u0119 50 metr\u00f3w od pla\u017cy.","inLanguage":"en-US","potentialAction":[{"@type":"ReadAction","target":["https:\/\/blowupbaltic.pl\/wirtualny-spacer\/"]}]},{"@type":"WebSite","@id":"https:\/\/blowupbaltic.pl\/#website","url":"https:\/\/blowupbaltic.pl\/","name":"Blow Up Baltic","description":"Aparthotel w Trz\u0119saczu","potentialAction":[{"@type":"SearchAction","target":{"@type":"EntryPoint","urlTemplate":"https:\/\/blowupbaltic.pl\/?s={search_term_string}"},"query-input":"required name=search_term_string"}],"inLanguage":"en-US"}]}},"_links":{"self":[{"href":"https:\/\/blowupbaltic.pl\/en\/wp-json\/wp\/v2\/pages\/669"}],"collection":[{"href":"https:\/\/blowupbaltic.pl\/en\/wp-json\/wp\/v2\/pages"}],"about":[{"href":"https:\/\/blowupbaltic.pl\/en\/wp-json\/wp\/v2\/types\/page"}],"author":[{"embeddable":true,"href":"https:\/\/blowupbaltic.pl\/en\/wp-json\/wp\/v2\/users\/2"}],"replies":[{"embeddable":true,"href":"https:\/\/blowupbaltic.pl\/en\/wp-json\/wp\/v2\/comments?post=669"}],"version-history":[{"count":1,"href":"https:\/\/blowupbaltic.pl\/en\/wp-json\/wp\/v2\/pages\/669\/revisions"}],"predecessor-version":[{"id":670,"href":"https:\/\/blowupbaltic.pl\/en\/wp-json\/wp\/v2\/pages\/669\/revisions\/670"}],"wp:attachment":[{"href":"https:\/\/blowupbaltic.pl\/en\/wp-json\/wp\/v2\/media?parent=669"}],"curies":[{"name":"wp","href":"https:\/\/api.w.org\/{rel}","templated":true}]}}